{"id":11783,"date":"2021-11-29T13:43:30","date_gmt":"2021-11-29T13:43:30","guid":{"rendered":"https:\/\/piront.eu\/?page_id=11783"},"modified":"2021-12-06T13:42:02","modified_gmt":"2021-12-06T13:42:02","slug":"conditions-de-vente","status":"publish","type":"page","link":"https:\/\/piront.eu\/fr\/conditions-de-vente\/","title":{"rendered":"Conditions de vente"},"content":{"rendered":"\t\t<div data-elementor-type=\"wp-page\" data-elementor-id=\"11783\" class=\"elementor elementor-11783 elementor-10936\">\n\t\t\t\t\t\t<section class=\"elementor-section elementor-top-section elementor-element elementor-element-5fd7d77 elementor-section-boxed elementor-section-height-default elementor-section-height-default mkdf-parallax-row-no mkdf-content-aligment-left mkdf-elementor-row-grid-no mkdf-disabled-bg-image-bellow-no mkdf-row-btt-light\" data-id=\"5fd7d77\" data-element_type=\"section\">\n\t\t\t\t\t\t<div class=\"elementor-container elementor-column-gap-default\">\n\t\t\t\t\t<div class=\"elementor-column elementor-col-100 elementor-top-column elementor-element elementor-element-02dfc2a\" data-id=\"02dfc2a\" data-element_type=\"column\">\n\t\t\t<div class=\"elementor-widget-wrap elementor-element-populated\">\n\t\t\t\t\t\t<div class=\"elementor-element elementor-element-2d8e50e elementor-widget elementor-widget-spacer\" data-id=\"2d8e50e\" data-element_type=\"widget\" data-widget_type=\"spacer.default\">\n\t\t\t\t<div class=\"elementor-widget-container\">\n\t\t\t\t\t\t\t<div class=\"elementor-spacer\">\n\t\t\t<div class=\"elementor-spacer-inner\"><\/div>\n\t\t<\/div>\n\t\t\t\t\t\t<\/div>\n\t\t\t\t<\/div>\n\t\t\t\t\t<\/div>\n\t\t<\/div>\n\t\t\t\t\t<\/div>\n\t\t<\/section>\n\t\t\t\t<section class=\"elementor-section elementor-top-section elementor-element elementor-element-fb62107 elementor-section-boxed elementor-section-height-default elementor-section-height-default mkdf-parallax-row-no mkdf-content-aligment-left mkdf-elementor-row-grid-no mkdf-disabled-bg-image-bellow-no mkdf-row-btt-light\" data-id=\"fb62107\" data-element_type=\"section\">\n\t\t\t\t\t\t<div class=\"elementor-container elementor-column-gap-default\">\n\t\t\t\t\t<div class=\"elementor-column elementor-col-100 elementor-top-column elementor-element elementor-element-0d3e60f\" data-id=\"0d3e60f\" data-element_type=\"column\">\n\t\t\t<div class=\"elementor-widget-wrap elementor-element-populated\">\n\t\t\t\t\t\t<div class=\"elementor-element elementor-element-b349e03 elementor-widget elementor-widget-text-editor\" data-id=\"b349e03\" data-element_type=\"widget\" data-widget_type=\"text-editor.default\">\n\t\t\t\t<div class=\"elementor-widget-container\">\n\t\t\t\t\t\t\t\t\t<h2>CONDITIONS GENERALES DE VENTE<\/h2><p>\u00a0<\/p><ol><li>Nos conditions g\u00e9n\u00e9rales de vente sont consid\u00e9r\u00e9es comme admises par nos acheteurs, m\u00eame au cas ou elles seraient en contradiction avec leurs conditions d\u2019achat, sauf au cas d\u2019autres d\u00e9rogations par \u00e9crit.<\/li><\/ol><p>\u00a0<\/p><ol start=\"2\"><li>La facture se comprend comme accept\u00e9e, quand le client n\u2019a pas introduite une r\u00e9clamation end\u00e9ans une quinzaine de jours.<\/li><\/ol><p>\u00a0<\/p><ol start=\"3\"><li>Nos factures sont payables \u00e0 l\u2019adresse du vendeur ou par transfert sur un des comptes, mentionn\u00e9s sur la facture. Sauf, en cas indication contraire au moment de la commande paiement net au comptant, sans escompte.<\/li><\/ol><p>\u00a0<\/p><ol start=\"4\"><li>Toute facture non pay\u00e9e \u00e0 l\u2019\u00e9ch\u00e9ance, portera de plein droit et sans mise en demeure un int\u00e9r\u00eat de 12 % l\u2019an. En outre, le d\u00e9faut de paiement entra\u00eenera, de plein droit et sans mise en demeure, l\u2019exigibilit\u00e9 d\u2019une indemnit\u00e9 de 20 % du montant de la facture, avec un minimum de 25 \u20acuro.<\/li><\/ol><p>Pas de paiement apr\u00e8s 20 jours de l\u2019\u00e9ch\u00e9ance, nous arr\u00eatons les livraisons.<\/p><p>\u00a0<\/p><ol start=\"5\"><li>Les marchandises livr\u00e9es demeurent la propri\u00e9t\u00e9 exclusive du vendeur jusqu\u2019au plein acquittement de toutes les cr\u00e9ances qui r\u00e9sultent de la vente pour l\u2019acheteur, en cas de non paiement \u00e0 leur \u00e9ch\u00e9ance, les marchandises peuvent \u00eatre reprises par le vendeur.<\/li><\/ol><p>\u00a0<\/p><ol start=\"6\"><li>En cas de vice de mati\u00e8res premi\u00e8res ou de d\u00e9fauts de fabrication notre garantie ne va pas au-del\u00e0 de celle donn\u00e9e par nos fournisseurs. Elle ne nous oblige qu\u2019au remplacement des pi\u00e8ces reconnues d\u00e9fectueuses et elle ne peut en aucun cas donner lieu \u00e0 l\u2019octroi d\u2019indemnit\u00e9s sous quelque pr\u00e9texte que ce soit. La r\u00e9clamation doit introduire end\u00e9ans une quinzaine jours apr\u00e8s la livraison.<\/li><\/ol><p>\u00a0<\/p><ol start=\"7\"><li>En cas de contestations \u00e9ventuelles, les tribunaux de St.Vith et Eupen sont seuls comp\u00e9tents.<\/li><\/ol>\t\t\t\t\t\t\t\t<\/div>\n\t\t\t\t<\/div>\n\t\t\t\t\t<\/div>\n\t\t<\/div>\n\t\t\t\t\t<\/div>\n\t\t<\/section>\n\t\t\t\t<\/div>\n\t\t","protected":false},"excerpt":{"rendered":"<p>CONDITIONS GENERALES DE VENTE \u00a0 Nos conditions g\u00e9n\u00e9rales de vente sont consid\u00e9r\u00e9es comme admises par nos acheteurs, m\u00eame au cas ou elles seraient en contradiction avec leurs conditions d\u2019achat, sauf au cas d\u2019autres d\u00e9rogations par \u00e9crit. \u00a0 La facture se [&hellip;]<\/p>\n","protected":false},"author":1,"featured_media":0,"parent":0,"menu_order":0,"comment_status":"closed","ping_status":"closed","template":"full-width.php","meta":{"_monsterinsights_skip_tracking":false,"_monsterinsights_sitenote_active":false,"_monsterinsights_sitenote_note":"","_monsterinsights_sitenote_category":0,"footnotes":""},"class_list":["post-11783","page","type-page","status-publish","hentry"],"_links":{"self":[{"href":"https:\/\/piront.eu\/fr\/wp-json\/wp\/v2\/pages\/11783","targetHints":{"allow":["GET"]}}],"collection":[{"href":"https:\/\/piront.eu\/fr\/wp-json\/wp\/v2\/pages"}],"about":[{"href":"https:\/\/piront.eu\/fr\/wp-json\/wp\/v2\/types\/page"}],"author":[{"embeddable":true,"href":"https:\/\/piront.eu\/fr\/wp-json\/wp\/v2\/users\/1"}],"replies":[{"embeddable":true,"href":"https:\/\/piront.eu\/fr\/wp-json\/wp\/v2\/comments?post=11783"}],"version-history":[{"count":4,"href":"https:\/\/piront.eu\/fr\/wp-json\/wp\/v2\/pages\/11783\/revisions"}],"predecessor-version":[{"id":12283,"href":"https:\/\/piront.eu\/fr\/wp-json\/wp\/v2\/pages\/11783\/revisions\/12283"}],"wp:attachment":[{"href":"https:\/\/piront.eu\/fr\/wp-json\/wp\/v2\/media?parent=11783"}],"curies":[{"name":"wp","href":"https:\/\/api.w.org\/{rel}","templated":true}]}}