{"id":11930,"date":"2021-11-29T13:48:14","date_gmt":"2021-11-29T13:48:14","guid":{"rendered":"https:\/\/piront.eu\/?page_id=11930"},"modified":"2021-12-09T12:47:32","modified_gmt":"2021-12-09T12:47:32","slug":"expo","status":"publish","type":"page","link":"https:\/\/piront.eu\/fr\/expo\/","title":{"rendered":"Expo"},"content":{"rendered":"\t\t<div data-elementor-type=\"wp-page\" data-elementor-id=\"11930\" class=\"elementor elementor-11930 elementor-9934\">\n\t\t\t\t<div class=\"mkdf-elementor-row mkdf-row-with-bg-pattern\" style=\"\">\t\t<section class=\"elementor-section elementor-top-section elementor-element elementor-element-a50048f mkdf-elementor-row-grid-section elementor-section-boxed elementor-section-height-default elementor-section-height-default mkdf-parallax-row-no mkdf-content-aligment-left mkdf-disabled-bg-image-bellow-no mkdf-row-btt-light\" data-id=\"a50048f\" data-element_type=\"section\" data-settings=\"{&quot;background_background&quot;:&quot;classic&quot;}\">\n\t\t\t\t\t\t<div class=\"elementor-container elementor-column-gap-default\">\n\t\t\t\t\t<div class=\"elementor-column elementor-col-50 elementor-top-column elementor-element elementor-element-ae28ab8\" data-id=\"ae28ab8\" data-element_type=\"column\">\n\t\t\t<div class=\"elementor-widget-wrap elementor-element-populated\">\n\t\t\t\t\t\t<div class=\"elementor-element elementor-element-b6a2eb7 elementor-widget elementor-widget-image\" data-id=\"b6a2eb7\" data-element_type=\"widget\" data-widget_type=\"image.default\">\n\t\t\t\t<div class=\"elementor-widget-container\">\n\t\t\t\t\t\t\t\t\t\t\t\t\t\t\t<img fetchpriority=\"high\" decoding=\"async\" width=\"1536\" height=\"598\" src=\"https:\/\/piront.eu\/wp-content\/uploads\/2021\/09\/28-1536x598.jpg\" class=\"attachment-1536x1536 size-1536x1536 wp-image-11834\" alt=\"\" srcset=\"https:\/\/piront.eu\/wp-content\/uploads\/2021\/09\/28-1536x598.jpg 1536w, https:\/\/piront.eu\/wp-content\/uploads\/2021\/09\/28-300x117.jpg 300w, https:\/\/piront.eu\/wp-content\/uploads\/2021\/09\/28-scaled-600x234.jpg 600w, https:\/\/piront.eu\/wp-content\/uploads\/2021\/09\/28-1024x399.jpg 1024w, https:\/\/piront.eu\/wp-content\/uploads\/2021\/09\/28-768x299.jpg 768w\" sizes=\"(max-width: 1536px) 100vw, 1536px\" \/>\t\t\t\t\t\t\t\t\t\t\t\t\t\t\t<\/div>\n\t\t\t\t<\/div>\n\t\t\t\t\t<\/div>\n\t\t<\/div>\n\t\t\t\t<div class=\"elementor-column elementor-col-50 elementor-top-column elementor-element elementor-element-a6f9b37\" data-id=\"a6f9b37\" data-element_type=\"column\">\n\t\t\t<div class=\"elementor-widget-wrap elementor-element-populated\">\n\t\t\t\t\t\t<div class=\"elementor-element elementor-element-92f430a elementor-widget elementor-widget-heading\" data-id=\"92f430a\" data-element_type=\"widget\" data-widget_type=\"heading.default\">\n\t\t\t\t<div class=\"elementor-widget-container\">\n\t\t\t\t\t<h3 class=\"elementor-heading-title elementor-size-default\">Salle d'exposition &amp; \u00e9chantillons<\/h3>\t\t\t\t<\/div>\n\t\t\t\t<\/div>\n\t\t\t\t<div class=\"elementor-element elementor-element-5292c62 elementor-widget elementor-widget-text-editor\" data-id=\"5292c62\" data-element_type=\"widget\" data-widget_type=\"text-editor.default\">\n\t\t\t\t<div class=\"elementor-widget-container\">\n\t\t\t\t\t\t\t\t\t<p>Ici vous trouvez des id\u00e9es et un grand choix!<\/p><p>Rien de mieux que de d\u00e9couvrir les mat\u00e9riaux de construction \u00ab\u00a0en nature\u00a0\u00bb.<\/p><p>Visitez les diff\u00e9rents syst\u00e8mes. Vous ne le regretterez pas.<\/p><p>Nous avons toujours les bien inform\u00e9s. Nous avons pour vous les derni\u00e8res nouveaut\u00e9s et les nouvelles tendances. Venez vous en convaincre par vous-m\u00eames.<\/p>\t\t\t\t\t\t\t\t<\/div>\n\t\t\t\t<\/div>\n\t\t\t\t\t<\/div>\n\t\t<\/div>\n\t\t\t\t\t<\/div>\n\t\t<\/section>\n\t\t<div class=\"mkdf-row-background-pattern-holder\"><div class=\"mkdf-row-background-pattern-left\"><\/div><div class=\"mkdf-row-background-pattern-right\"><\/div><\/div><\/div>\t\t<section class=\"elementor-section elementor-top-section elementor-element elementor-element-28d0509 elementor-section-boxed elementor-section-height-default elementor-section-height-default mkdf-parallax-row-no mkdf-content-aligment-left mkdf-elementor-row-grid-no mkdf-disabled-bg-image-bellow-no mkdf-row-btt-light\" data-id=\"28d0509\" data-element_type=\"section\">\n\t\t\t\t\t\t<div class=\"elementor-container elementor-column-gap-default\">\n\t\t\t\t\t<div class=\"elementor-column elementor-col-100 elementor-top-column elementor-element elementor-element-2e82b85\" data-id=\"2e82b85\" data-element_type=\"column\">\n\t\t\t<div class=\"elementor-widget-wrap elementor-element-populated\">\n\t\t\t\t\t\t<div class=\"elementor-element elementor-element-5631cd0 elementor-widget elementor-widget-qi_addons_for_elementor_image_gallery\" data-id=\"5631cd0\" data-element_type=\"widget\" data-widget_type=\"qi_addons_for_elementor_image_gallery.default\">\n\t\t\t\t<div class=\"elementor-widget-container\">\n\t\t\t\t\t<div class=\"qodef-shortcode qodef-m qodef-qi-image-gallery qodef-qi-fslightbox-popup qodef-popup-gallery qodef-image--hover-zoom qodef-qi-grid qodef-layout--qi-columns qodef-col-num--4 qodef-responsive--predefined\">\n\t<div class=\"qodef-grid-inner\">\n\t\t<div class=\"qodef-e qodef-image-wrapper qodef-grid-item\">\n\t<div class=\"qodef-e-inner\">\n\t\t\t\t\t<a class=\"qodef-popup-item\" itemprop=\"image\" href=\"https:\/\/piront.eu\/wp-content\/uploads\/2021\/09\/IMG_20210917_161757-scaled.jpg\" data-type=\"image\" data-fslightbox=\"gallery-726\">\n\t\t\t\t\t<img decoding=\"async\" width=\"650\" height=\"650\" src=\"https:\/\/piront.eu\/wp-content\/uploads\/2021\/09\/IMG_20210917_161757-650x650.jpg\" class=\"attachment-qi_addons_for_elementor_image_size_square size-qi_addons_for_elementor_image_size_square\" alt=\"\" srcset=\"https:\/\/piront.eu\/wp-content\/uploads\/2021\/09\/IMG_20210917_161757-650x650.jpg 650w, https:\/\/piront.eu\/wp-content\/uploads\/2021\/09\/IMG_20210917_161757-scaled-100x100.jpg 100w, https:\/\/piront.eu\/wp-content\/uploads\/2021\/09\/IMG_20210917_161757-150x150.jpg 150w, https:\/\/piront.eu\/wp-content\/uploads\/2021\/09\/IMG_20210917_161757-1300x1300.jpg 1300w\" sizes=\"(max-width: 650px) 100vw, 650px\" \/>\t\t\t\t\t<\/a>\n\t\t\t<\/div>\n<\/div>\n<div class=\"qodef-e qodef-image-wrapper qodef-grid-item\">\n\t<div class=\"qodef-e-inner\">\n\t\t\t\t\t<a class=\"qodef-popup-item\" itemprop=\"image\" href=\"https:\/\/piront.eu\/wp-content\/uploads\/2021\/09\/IMG_20210917_161751-scaled.jpg\" data-type=\"image\" data-fslightbox=\"gallery-726\">\n\t\t\t\t\t<img decoding=\"async\" width=\"650\" height=\"650\" src=\"https:\/\/piront.eu\/wp-content\/uploads\/2021\/09\/IMG_20210917_161751-650x650.jpg\" class=\"attachment-qi_addons_for_elementor_image_size_square size-qi_addons_for_elementor_image_size_square\" alt=\"\" srcset=\"https:\/\/piront.eu\/wp-content\/uploads\/2021\/09\/IMG_20210917_161751-650x650.jpg 650w, https:\/\/piront.eu\/wp-content\/uploads\/2021\/09\/IMG_20210917_161751-scaled-100x100.jpg 100w, https:\/\/piront.eu\/wp-content\/uploads\/2021\/09\/IMG_20210917_161751-150x150.jpg 150w, https:\/\/piront.eu\/wp-content\/uploads\/2021\/09\/IMG_20210917_161751-1300x1300.jpg 1300w\" sizes=\"(max-width: 650px) 100vw, 650px\" \/>\t\t\t\t\t<\/a>\n\t\t\t<\/div>\n<\/div>\n<div class=\"qodef-e qodef-image-wrapper qodef-grid-item\">\n\t<div class=\"qodef-e-inner\">\n\t\t\t\t\t<a class=\"qodef-popup-item\" itemprop=\"image\" href=\"https:\/\/piront.eu\/wp-content\/uploads\/2021\/09\/IMG_20210917_161712-scaled.jpg\" data-type=\"image\" data-fslightbox=\"gallery-726\">\n\t\t\t\t\t<img loading=\"lazy\" decoding=\"async\" width=\"650\" height=\"650\" src=\"https:\/\/piront.eu\/wp-content\/uploads\/2021\/09\/IMG_20210917_161712-650x650.jpg\" class=\"attachment-qi_addons_for_elementor_image_size_square size-qi_addons_for_elementor_image_size_square\" alt=\"\" srcset=\"https:\/\/piront.eu\/wp-content\/uploads\/2021\/09\/IMG_20210917_161712-650x650.jpg 650w, https:\/\/piront.eu\/wp-content\/uploads\/2021\/09\/IMG_20210917_161712-scaled-100x100.jpg 100w, https:\/\/piront.eu\/wp-content\/uploads\/2021\/09\/IMG_20210917_161712-150x150.jpg 150w, https:\/\/piront.eu\/wp-content\/uploads\/2021\/09\/IMG_20210917_161712-1300x1300.jpg 1300w\" sizes=\"(max-width: 650px) 100vw, 650px\" \/>\t\t\t\t\t<\/a>\n\t\t\t<\/div>\n<\/div>\n<div class=\"qodef-e qodef-image-wrapper qodef-grid-item\">\n\t<div class=\"qodef-e-inner\">\n\t\t\t\t\t<a class=\"qodef-popup-item\" itemprop=\"image\" href=\"https:\/\/piront.eu\/wp-content\/uploads\/2021\/09\/IMG_20210917_161640-scaled.jpg\" data-type=\"image\" data-fslightbox=\"gallery-726\">\n\t\t\t\t\t<img loading=\"lazy\" decoding=\"async\" width=\"650\" height=\"650\" src=\"https:\/\/piront.eu\/wp-content\/uploads\/2021\/09\/IMG_20210917_161640-650x650.jpg\" class=\"attachment-qi_addons_for_elementor_image_size_square size-qi_addons_for_elementor_image_size_square\" alt=\"\" srcset=\"https:\/\/piront.eu\/wp-content\/uploads\/2021\/09\/IMG_20210917_161640-650x650.jpg 650w, https:\/\/piront.eu\/wp-content\/uploads\/2021\/09\/IMG_20210917_161640-scaled-100x100.jpg 100w, https:\/\/piront.eu\/wp-content\/uploads\/2021\/09\/IMG_20210917_161640-150x150.jpg 150w, https:\/\/piront.eu\/wp-content\/uploads\/2021\/09\/IMG_20210917_161640-1300x1300.jpg 1300w\" sizes=\"(max-width: 650px) 100vw, 650px\" \/>\t\t\t\t\t<\/a>\n\t\t\t<\/div>\n<\/div>\n<div class=\"qodef-e qodef-image-wrapper qodef-grid-item\">\n\t<div class=\"qodef-e-inner\">\n\t\t\t\t\t<a class=\"qodef-popup-item\" itemprop=\"image\" href=\"https:\/\/piront.eu\/wp-content\/uploads\/2021\/09\/IMG_20210917_161535-scaled.jpg\" data-type=\"image\" data-fslightbox=\"gallery-726\">\n\t\t\t\t\t<img loading=\"lazy\" decoding=\"async\" width=\"650\" height=\"650\" src=\"https:\/\/piront.eu\/wp-content\/uploads\/2021\/09\/IMG_20210917_161535-650x650.jpg\" class=\"attachment-qi_addons_for_elementor_image_size_square size-qi_addons_for_elementor_image_size_square\" alt=\"\" srcset=\"https:\/\/piront.eu\/wp-content\/uploads\/2021\/09\/IMG_20210917_161535-650x650.jpg 650w, https:\/\/piront.eu\/wp-content\/uploads\/2021\/09\/IMG_20210917_161535-scaled-100x100.jpg 100w, https:\/\/piront.eu\/wp-content\/uploads\/2021\/09\/IMG_20210917_161535-150x150.jpg 150w, https:\/\/piront.eu\/wp-content\/uploads\/2021\/09\/IMG_20210917_161535-1300x1300.jpg 1300w\" sizes=\"(max-width: 650px) 100vw, 650px\" \/>\t\t\t\t\t<\/a>\n\t\t\t<\/div>\n<\/div>\n<div class=\"qodef-e qodef-image-wrapper qodef-grid-item\">\n\t<div class=\"qodef-e-inner\">\n\t\t\t\t\t<a class=\"qodef-popup-item\" itemprop=\"image\" href=\"https:\/\/piront.eu\/wp-content\/uploads\/2021\/09\/120_7037-scaled.jpg\" data-type=\"image\" data-fslightbox=\"gallery-726\">\n\t\t\t\t\t<img loading=\"lazy\" decoding=\"async\" width=\"650\" height=\"650\" src=\"https:\/\/piront.eu\/wp-content\/uploads\/2021\/09\/120_7037-650x650.jpg\" class=\"attachment-qi_addons_for_elementor_image_size_square size-qi_addons_for_elementor_image_size_square\" alt=\"\" srcset=\"https:\/\/piront.eu\/wp-content\/uploads\/2021\/09\/120_7037-650x650.jpg 650w, https:\/\/piront.eu\/wp-content\/uploads\/2021\/09\/120_7037-scaled-100x100.jpg 100w, https:\/\/piront.eu\/wp-content\/uploads\/2021\/09\/120_7037-150x150.jpg 150w, https:\/\/piront.eu\/wp-content\/uploads\/2021\/09\/120_7037-1300x1300.jpg 1300w\" sizes=\"(max-width: 650px) 100vw, 650px\" \/>\t\t\t\t\t<\/a>\n\t\t\t<\/div>\n<\/div>\n<div class=\"qodef-e qodef-image-wrapper qodef-grid-item\">\n\t<div class=\"qodef-e-inner\">\n\t\t\t\t\t<a class=\"qodef-popup-item\" itemprop=\"image\" href=\"https:\/\/piront.eu\/wp-content\/uploads\/2021\/09\/39-scaled.jpg\" data-type=\"image\" data-fslightbox=\"gallery-726\">\n\t\t\t\t\t<img loading=\"lazy\" decoding=\"async\" width=\"650\" height=\"650\" src=\"https:\/\/piront.eu\/wp-content\/uploads\/2021\/09\/39-650x650.jpg\" class=\"attachment-qi_addons_for_elementor_image_size_square size-qi_addons_for_elementor_image_size_square\" alt=\"\" srcset=\"https:\/\/piront.eu\/wp-content\/uploads\/2021\/09\/39-650x650.jpg 650w, https:\/\/piront.eu\/wp-content\/uploads\/2021\/09\/39-scaled-100x100.jpg 100w, https:\/\/piront.eu\/wp-content\/uploads\/2021\/09\/39-150x150.jpg 150w, https:\/\/piront.eu\/wp-content\/uploads\/2021\/09\/39-1300x1300.jpg 1300w\" sizes=\"(max-width: 650px) 100vw, 650px\" \/>\t\t\t\t\t<\/a>\n\t\t\t<\/div>\n<\/div>\n<div class=\"qodef-e qodef-image-wrapper qodef-grid-item\">\n\t<div class=\"qodef-e-inner\">\n\t\t\t\t\t<a class=\"qodef-popup-item\" itemprop=\"image\" href=\"https:\/\/piront.eu\/wp-content\/uploads\/2021\/09\/WhatsApp-Image-2021-09-21-at-14.05.05.jpeg\" data-type=\"image\" data-fslightbox=\"gallery-726\">\n\t\t\t\t\t<img loading=\"lazy\" decoding=\"async\" width=\"650\" height=\"650\" src=\"https:\/\/piront.eu\/wp-content\/uploads\/2021\/09\/WhatsApp-Image-2021-09-21-at-14.05.05-650x650.jpeg\" class=\"attachment-qi_addons_for_elementor_image_size_square size-qi_addons_for_elementor_image_size_square\" alt=\"\" srcset=\"https:\/\/piront.eu\/wp-content\/uploads\/2021\/09\/WhatsApp-Image-2021-09-21-at-14.05.05-650x650.jpeg 650w, https:\/\/piront.eu\/wp-content\/uploads\/2021\/09\/WhatsApp-Image-2021-09-21-at-14.05.05-100x100.jpeg 100w, https:\/\/piront.eu\/wp-content\/uploads\/2021\/09\/WhatsApp-Image-2021-09-21-at-14.05.05-150x150.jpeg 150w, https:\/\/piront.eu\/wp-content\/uploads\/2021\/09\/WhatsApp-Image-2021-09-21-at-14.05.05-1300x1300.jpeg 1300w\" sizes=\"(max-width: 650px) 100vw, 650px\" \/>\t\t\t\t\t<\/a>\n\t\t\t<\/div>\n<\/div>\n<div class=\"qodef-e qodef-image-wrapper qodef-grid-item\">\n\t<div class=\"qodef-e-inner\">\n\t\t\t\t\t<a class=\"qodef-popup-item\" itemprop=\"image\" href=\"https:\/\/piront.eu\/wp-content\/uploads\/2021\/09\/WhatsApp-Image-2021-09-21-at-14.05.01-1.jpeg\" data-type=\"image\" data-fslightbox=\"gallery-726\">\n\t\t\t\t\t<img loading=\"lazy\" decoding=\"async\" width=\"650\" height=\"650\" src=\"https:\/\/piront.eu\/wp-content\/uploads\/2021\/09\/WhatsApp-Image-2021-09-21-at-14.05.01-1-650x650.jpeg\" class=\"attachment-qi_addons_for_elementor_image_size_square size-qi_addons_for_elementor_image_size_square\" alt=\"\" srcset=\"https:\/\/piront.eu\/wp-content\/uploads\/2021\/09\/WhatsApp-Image-2021-09-21-at-14.05.01-1-650x650.jpeg 650w, https:\/\/piront.eu\/wp-content\/uploads\/2021\/09\/WhatsApp-Image-2021-09-21-at-14.05.01-1-100x100.jpeg 100w, https:\/\/piront.eu\/wp-content\/uploads\/2021\/09\/WhatsApp-Image-2021-09-21-at-14.05.01-1-150x150.jpeg 150w, https:\/\/piront.eu\/wp-content\/uploads\/2021\/09\/WhatsApp-Image-2021-09-21-at-14.05.01-1-1300x1300.jpeg 1300w\" sizes=\"(max-width: 650px) 100vw, 650px\" \/>\t\t\t\t\t<\/a>\n\t\t\t<\/div>\n<\/div>\n<div class=\"qodef-e qodef-image-wrapper qodef-grid-item\">\n\t<div class=\"qodef-e-inner\">\n\t\t\t\t\t<a class=\"qodef-popup-item\" itemprop=\"image\" href=\"https:\/\/piront.eu\/wp-content\/uploads\/2021\/09\/WhatsApp-Image-2021-09-21-at-14.05.00.jpeg\" data-type=\"image\" data-fslightbox=\"gallery-726\">\n\t\t\t\t\t<img loading=\"lazy\" decoding=\"async\" width=\"650\" height=\"650\" src=\"https:\/\/piront.eu\/wp-content\/uploads\/2021\/09\/WhatsApp-Image-2021-09-21-at-14.05.00-650x650.jpeg\" class=\"attachment-qi_addons_for_elementor_image_size_square size-qi_addons_for_elementor_image_size_square\" alt=\"\" srcset=\"https:\/\/piront.eu\/wp-content\/uploads\/2021\/09\/WhatsApp-Image-2021-09-21-at-14.05.00-650x650.jpeg 650w, https:\/\/piront.eu\/wp-content\/uploads\/2021\/09\/WhatsApp-Image-2021-09-21-at-14.05.00-100x100.jpeg 100w, https:\/\/piront.eu\/wp-content\/uploads\/2021\/09\/WhatsApp-Image-2021-09-21-at-14.05.00-150x150.jpeg 150w, https:\/\/piront.eu\/wp-content\/uploads\/2021\/09\/WhatsApp-Image-2021-09-21-at-14.05.00-1300x1300.jpeg 1300w\" sizes=\"(max-width: 650px) 100vw, 650px\" \/>\t\t\t\t\t<\/a>\n\t\t\t<\/div>\n<\/div>\n<div class=\"qodef-e qodef-image-wrapper qodef-grid-item\">\n\t<div class=\"qodef-e-inner\">\n\t\t\t\t\t<a class=\"qodef-popup-item\" itemprop=\"image\" href=\"https:\/\/piront.eu\/wp-content\/uploads\/2021\/09\/WhatsApp-Image-2021-09-21-at-14.04.59-1.jpeg\" data-type=\"image\" data-fslightbox=\"gallery-726\">\n\t\t\t\t\t<img loading=\"lazy\" decoding=\"async\" width=\"650\" height=\"650\" src=\"https:\/\/piront.eu\/wp-content\/uploads\/2021\/09\/WhatsApp-Image-2021-09-21-at-14.04.59-1-650x650.jpeg\" class=\"attachment-qi_addons_for_elementor_image_size_square size-qi_addons_for_elementor_image_size_square\" alt=\"\" srcset=\"https:\/\/piront.eu\/wp-content\/uploads\/2021\/09\/WhatsApp-Image-2021-09-21-at-14.04.59-1-650x650.jpeg 650w, https:\/\/piront.eu\/wp-content\/uploads\/2021\/09\/WhatsApp-Image-2021-09-21-at-14.04.59-1-100x100.jpeg 100w, https:\/\/piront.eu\/wp-content\/uploads\/2021\/09\/WhatsApp-Image-2021-09-21-at-14.04.59-1-150x150.jpeg 150w, https:\/\/piront.eu\/wp-content\/uploads\/2021\/09\/WhatsApp-Image-2021-09-21-at-14.04.59-1-1300x1300.jpeg 1300w\" sizes=\"(max-width: 650px) 100vw, 650px\" \/>\t\t\t\t\t<\/a>\n\t\t\t<\/div>\n<\/div>\n<div class=\"qodef-e qodef-image-wrapper qodef-grid-item\">\n\t<div class=\"qodef-e-inner\">\n\t\t\t\t\t<a class=\"qodef-popup-item\" itemprop=\"image\" href=\"https:\/\/piront.eu\/wp-content\/uploads\/2021\/09\/WhatsApp-Image-2021-09-21-at-14.05.01.jpeg\" data-type=\"image\" data-fslightbox=\"gallery-726\">\n\t\t\t\t\t<img loading=\"lazy\" decoding=\"async\" width=\"650\" height=\"650\" src=\"https:\/\/piront.eu\/wp-content\/uploads\/2021\/09\/WhatsApp-Image-2021-09-21-at-14.05.01-650x650.jpeg\" class=\"attachment-qi_addons_for_elementor_image_size_square size-qi_addons_for_elementor_image_size_square\" alt=\"\" srcset=\"https:\/\/piront.eu\/wp-content\/uploads\/2021\/09\/WhatsApp-Image-2021-09-21-at-14.05.01-650x650.jpeg 650w, https:\/\/piront.eu\/wp-content\/uploads\/2021\/09\/WhatsApp-Image-2021-09-21-at-14.05.01-100x100.jpeg 100w, https:\/\/piront.eu\/wp-content\/uploads\/2021\/09\/WhatsApp-Image-2021-09-21-at-14.05.01-150x150.jpeg 150w, https:\/\/piront.eu\/wp-content\/uploads\/2021\/09\/WhatsApp-Image-2021-09-21-at-14.05.01-1300x1300.jpeg 1300w\" sizes=\"(max-width: 650px) 100vw, 650px\" \/>\t\t\t\t\t<\/a>\n\t\t\t<\/div>\n<\/div>\n\t<\/div>\n<\/div>\n\t\t\t\t<\/div>\n\t\t\t\t<\/div>\n\t\t\t\t\t<\/div>\n\t\t<\/div>\n\t\t\t\t\t<\/div>\n\t\t<\/section>\n\t\t\t\t<section class=\"elementor-section elementor-top-section elementor-element elementor-element-b2635f9 elementor-section-boxed elementor-section-height-default elementor-section-height-default mkdf-parallax-row-no mkdf-content-aligment-left mkdf-elementor-row-grid-no mkdf-disabled-bg-image-bellow-no mkdf-row-btt-light\" data-id=\"b2635f9\" data-element_type=\"section\">\n\t\t\t\t\t\t<div class=\"elementor-container elementor-column-gap-default\">\n\t\t\t\t\t<div class=\"elementor-column elementor-col-100 elementor-top-column elementor-element elementor-element-a21e246\" data-id=\"a21e246\" data-element_type=\"column\">\n\t\t\t<div class=\"elementor-widget-wrap elementor-element-populated\">\n\t\t\t\t\t\t<div class=\"elementor-element elementor-element-217ae46 elementor-widget elementor-widget-spacer\" data-id=\"217ae46\" data-element_type=\"widget\" data-widget_type=\"spacer.default\">\n\t\t\t\t<div class=\"elementor-widget-container\">\n\t\t\t\t\t\t\t<div class=\"elementor-spacer\">\n\t\t\t<div class=\"elementor-spacer-inner\"><\/div>\n\t\t<\/div>\n\t\t\t\t\t\t<\/div>\n\t\t\t\t<\/div>\n\t\t\t\t\t<\/div>\n\t\t<\/div>\n\t\t\t\t\t<\/div>\n\t\t<\/section>\n\t\t\t\t<\/div>\n\t\t","protected":false},"excerpt":{"rendered":"<p>Salle d&rsquo;exposition &#038; \u00e9chantillons Ici vous trouvez des id\u00e9es et un grand choix! Rien de mieux que de d\u00e9couvrir les mat\u00e9riaux de construction \u00ab\u00a0en nature\u00a0\u00bb. Visitez les diff\u00e9rents syst\u00e8mes. Vous ne le regretterez pas. Nous avons toujours les bien inform\u00e9s. [&hellip;]<\/p>\n","protected":false},"author":1,"featured_media":0,"parent":0,"menu_order":0,"comment_status":"closed","ping_status":"closed","template":"full-width.php","meta":{"_monsterinsights_skip_tracking":false,"_monsterinsights_sitenote_active":false,"_monsterinsights_sitenote_note":"","_monsterinsights_sitenote_category":0,"footnotes":""},"class_list":["post-11930","page","type-page","status-publish","hentry"],"_links":{"self":[{"href":"https:\/\/piront.eu\/fr\/wp-json\/wp\/v2\/pages\/11930","targetHints":{"allow":["GET"]}}],"collection":[{"href":"https:\/\/piront.eu\/fr\/wp-json\/wp\/v2\/pages"}],"about":[{"href":"https:\/\/piront.eu\/fr\/wp-json\/wp\/v2\/types\/page"}],"author":[{"embeddable":true,"href":"https:\/\/piront.eu\/fr\/wp-json\/wp\/v2\/users\/1"}],"replies":[{"embeddable":true,"href":"https:\/\/piront.eu\/fr\/wp-json\/wp\/v2\/comments?post=11930"}],"version-history":[{"count":7,"href":"https:\/\/piront.eu\/fr\/wp-json\/wp\/v2\/pages\/11930\/revisions"}],"predecessor-version":[{"id":12290,"href":"https:\/\/piront.eu\/fr\/wp-json\/wp\/v2\/pages\/11930\/revisions\/12290"}],"wp:attachment":[{"href":"https:\/\/piront.eu\/fr\/wp-json\/wp\/v2\/media?parent=11930"}],"curies":[{"name":"wp","href":"https:\/\/api.w.org\/{rel}","templated":true}]}}