{"id":11934,"date":"2021-11-29T13:50:09","date_gmt":"2021-11-29T13:50:09","guid":{"rendered":"https:\/\/piront.eu\/?page_id=11934"},"modified":"2024-12-09T13:03:54","modified_gmt":"2024-12-09T13:03:54","slug":"mazout","status":"publish","type":"page","link":"https:\/\/piront.eu\/fr\/mazout\/","title":{"rendered":"Mazout"},"content":{"rendered":"\t\t<div data-elementor-type=\"wp-page\" data-elementor-id=\"11934\" class=\"elementor elementor-11934 elementor-10111\">\n\t\t\t\t<div class=\"mkdf-elementor-row mkdf-row-with-bg-pattern\" style=\"\">\t\t<section class=\"elementor-section elementor-top-section elementor-element elementor-element-a50048f mkdf-elementor-row-grid-section elementor-section-boxed elementor-section-height-default elementor-section-height-default mkdf-parallax-row-no mkdf-content-aligment-left mkdf-disabled-bg-image-bellow-no mkdf-row-btt-light\" data-id=\"a50048f\" data-element_type=\"section\" data-settings=\"{&quot;background_background&quot;:&quot;classic&quot;}\">\n\t\t\t\t\t\t<div class=\"elementor-container elementor-column-gap-default\">\n\t\t\t\t\t<div class=\"elementor-column elementor-col-50 elementor-top-column elementor-element elementor-element-ae28ab8\" data-id=\"ae28ab8\" data-element_type=\"column\">\n\t\t\t<div class=\"elementor-widget-wrap elementor-element-populated\">\n\t\t\t\t\t\t<div class=\"elementor-element elementor-element-b6a2eb7 elementor-widget elementor-widget-image\" data-id=\"b6a2eb7\" data-element_type=\"widget\" data-widget_type=\"image.default\">\n\t\t\t\t<div class=\"elementor-widget-container\">\n\t\t\t\t\t\t\t\t\t\t\t\t\t\t\t<img decoding=\"async\" src=\"https:\/\/piront.eu\/wp-content\/uploads\/elementor\/thumbs\/Logo_TotalEnergies.svg_-qfav15ufp0fwlo1c7xnhwd6309o85qhnjpdc6m9jew.png\" title=\"Logo_TotalEnergies.svg\" alt=\"Logo_TotalEnergies.svg\" loading=\"lazy\" \/>\t\t\t\t\t\t\t\t\t\t\t\t\t\t\t<\/div>\n\t\t\t\t<\/div>\n\t\t\t\t\t<\/div>\n\t\t<\/div>\n\t\t\t\t<div class=\"elementor-column elementor-col-50 elementor-top-column elementor-element elementor-element-a6f9b37\" data-id=\"a6f9b37\" data-element_type=\"column\">\n\t\t\t<div class=\"elementor-widget-wrap elementor-element-populated\">\n\t\t\t\t\t\t<div class=\"elementor-element elementor-element-73ff54c elementor-widget elementor-widget-mkdf_section_title\" data-id=\"73ff54c\" data-element_type=\"widget\" data-widget_type=\"mkdf_section_title.default\">\n\t\t\t\t<div class=\"elementor-widget-container\">\n\t\t\t\t\t<div class=\"mkdf-section-title-holder  mkdf-st-standard   \" >\n\t<div class=\"mkdf-st-inner\">\n        \t\t\t\t\t<h4 class=\"mkdf-st-title\" >\n\t\t\t\tService est notre force\t\t\t<\/h4>\n\t\t\t\t\t<\/div>\n<\/div>\t\t\t\t<\/div>\n\t\t\t\t<\/div>\n\t\t\t\t<div class=\"elementor-element elementor-element-5292c62 elementor-widget elementor-widget-text-editor\" data-id=\"5292c62\" data-element_type=\"widget\" data-widget_type=\"text-editor.default\">\n\t\t\t\t<div class=\"elementor-widget-container\">\n\t\t\t\t\t\t\t\t\t<p>Aujourd&rsquo;hui, le gasoil de chauffage est devenu le choix num\u00e9ro 1 des consommateurs, \u00e9tant pr\u00e9f\u00e9r\u00e9 aux autres sources d&rsquo;\u00e9nergie thermique. Et \u00e0 juste titre! Car le gasoil de chauffage Total r\u00e9pond aux exigences et aux normes de qualit\u00e9 et de s\u00e9curit\u00e9 les plus hautes. A partir de son pouvoir accru de combustion, le gasoil offre un rendement \u00e9nerg\u00e9tique sup\u00e9rieur, et donc un excellent rapport qualit\u00e9\/prix.<\/p><p>Nos arguments forts:<\/p><ul><li>qualit\u00e9 maximale<\/li><li>\u00e9conomie consid\u00e9rable<\/li><li>s\u00e9curit\u00e9 absolue<\/li><li>confort optimal<\/li><li>pollution minimale et donc respect de l&rsquo;environnement<\/li><li>libert\u00e9 de choix lors de l&rsquo;achat.<\/li><\/ul>\t\t\t\t\t\t\t\t<\/div>\n\t\t\t\t<\/div>\n\t\t\t\t\t<\/div>\n\t\t<\/div>\n\t\t\t\t\t<\/div>\n\t\t<\/section>\n\t\t<div class=\"mkdf-row-background-pattern-holder\"><div class=\"mkdf-row-background-pattern-left\"><\/div><div class=\"mkdf-row-background-pattern-right\"><\/div><\/div><\/div>\t\t<section class=\"elementor-section elementor-top-section elementor-element elementor-element-e06b718 elementor-section-boxed elementor-section-height-default elementor-section-height-default mkdf-parallax-row-no mkdf-content-aligment-left mkdf-elementor-row-grid-no mkdf-disabled-bg-image-bellow-no mkdf-row-btt-light\" data-id=\"e06b718\" data-element_type=\"section\">\n\t\t\t\t\t\t<div class=\"elementor-container elementor-column-gap-default\">\n\t\t\t\t\t<div class=\"elementor-column elementor-col-50 elementor-top-column elementor-element elementor-element-fad397f\" data-id=\"fad397f\" data-element_type=\"column\">\n\t\t\t<div class=\"elementor-widget-wrap elementor-element-populated\">\n\t\t\t\t\t\t<div class=\"elementor-element elementor-element-7b1bc8c elementor-widget elementor-widget-qi_addons_for_elementor_accordion\" data-id=\"7b1bc8c\" data-element_type=\"widget\" data-widget_type=\"qi_addons_for_elementor_accordion.default\">\n\t\t\t\t<div class=\"elementor-widget-container\">\n\t\t\t\t\t<div class=\"qodef-shortcode qodef-m qodef-qi-accordion qodef-qi-clear qodef-behavior--toggle qodef-layout--simple qodef-style--border-between\">\n\t<h4 class=\"qodef-e-title-holder\">\n\t<span class=\"qodef-e-title\">Gasoil de chauffage<\/span>\n\t<span class=\"qodef-e-mark\">\n\t\t<span class=\"qodef-icon--plus\">\n\t\t\t\t<span class=\"qodef-e-icon\">\n\t\t<i aria-hidden=\"true\" class=\"fas fa-plus\"><\/i>\t<\/span>\n\t\t\t<\/span>\n\t\t<span class=\"qodef-icon--minus\">\n\t\t\t\t<span class=\"qodef-e-icon\">\n\t\t<i aria-hidden=\"true\" class=\"fas fa-minus\"><\/i>\t<\/span>\n\t\t\t<\/span>\n\t<\/span>\n<\/h4>\n<div class=\"qodef-e-content\">\n\t<div class=\"qodef-e-content-inner\">\n\t\t<div class=\"newsintro\"><div class=\"newsintro\"><p><strong>Utilisation:<\/strong><\/p><\/div><div class=\"newstexteditor\">Son utilisation est principalement domestique; destin\u00e9 aux chaudi\u00e8res traditionelles et po\u00eales \u00e0 mazout.<\/div><\/div>\t<\/div>\n<\/div>\n<h4 class=\"qodef-e-title-holder\">\n\t<span class=\"qodef-e-title\">Extra<\/span>\n\t<span class=\"qodef-e-mark\">\n\t\t<span class=\"qodef-icon--plus\">\n\t\t\t\t<span class=\"qodef-e-icon\">\n\t\t<i aria-hidden=\"true\" class=\"fas fa-plus\"><\/i>\t<\/span>\n\t\t\t<\/span>\n\t\t<span class=\"qodef-icon--minus\">\n\t\t\t\t<span class=\"qodef-e-icon\">\n\t\t<i aria-hidden=\"true\" class=\"fas fa-minus\"><\/i>\t<\/span>\n\t\t\t<\/span>\n\t<\/span>\n<\/h4>\n<div class=\"qodef-e-content\">\n\t<div class=\"qodef-e-content-inner\">\n\t\t<div class=\"newsintro\"><p><strong>Utilisation:<\/strong><\/p><\/div><div class=\"newstexteditor\">Ce mazout 10 ppm, \u00e0 tr\u00e8s basse teneur en soufre, est pr\u00e9conis\u00e9 pour les chaudi\u00e8res de toute nouvelle g\u00e9n\u00e9ration. Il peut \u00e9galement \u00eatre employ\u00e9 pour les engins de chantier les plus r\u00e9cents.<\/div>\t<\/div>\n<\/div>\n<h4 class=\"qodef-e-title-holder\">\n\t<span class=\"qodef-e-title\">Diesel<\/span>\n\t<span class=\"qodef-e-mark\">\n\t\t<span class=\"qodef-icon--plus\">\n\t\t\t\t<span class=\"qodef-e-icon\">\n\t\t<i aria-hidden=\"true\" class=\"fas fa-plus\"><\/i>\t<\/span>\n\t\t\t<\/span>\n\t\t<span class=\"qodef-icon--minus\">\n\t\t\t\t<span class=\"qodef-e-icon\">\n\t\t<i aria-hidden=\"true\" class=\"fas fa-minus\"><\/i>\t<\/span>\n\t\t\t<\/span>\n\t<\/span>\n<\/h4>\n<div class=\"qodef-e-content\">\n\t<div class=\"qodef-e-content-inner\">\n\t\t<div class=\"newsintro\"><div class=\"newsintro\"><p><strong>Utilisation:<\/strong><\/p><\/div><div class=\"newstexteditor\">Il s'agit du diesel classique, livr\u00e9 pour les parcs de v\u00e9hicules (voitures et camions).<\/div><\/div>\t<\/div>\n<\/div>\n<h4 class=\"qodef-e-title-holder\">\n\t<span class=\"qodef-e-title\">Huiles<\/span>\n\t<span class=\"qodef-e-mark\">\n\t\t<span class=\"qodef-icon--plus\">\n\t\t\t\t<span class=\"qodef-e-icon\">\n\t\t<i aria-hidden=\"true\" class=\"fas fa-plus\"><\/i>\t<\/span>\n\t\t\t<\/span>\n\t\t<span class=\"qodef-icon--minus\">\n\t\t\t\t<span class=\"qodef-e-icon\">\n\t\t<i aria-hidden=\"true\" class=\"fas fa-minus\"><\/i>\t<\/span>\n\t\t\t<\/span>\n\t<\/span>\n<\/h4>\n<div class=\"qodef-e-content\">\n\t<div class=\"qodef-e-content-inner\">\n\t\t<div class=\"newsintro\"><div class=\"newsintro\">Les huiles de Fina, Total et Elf sont disponible chez nous.<\/div><\/div>\t<\/div>\n<\/div>\n<h4 class=\"qodef-e-title-holder\">\n\t<span class=\"qodef-e-title\">Prime Mazout<\/span>\n\t<span class=\"qodef-e-mark\">\n\t\t<span class=\"qodef-icon--plus\">\n\t\t\t\t<span class=\"qodef-e-icon\">\n\t\t<i aria-hidden=\"true\" class=\"fas fa-plus\"><\/i>\t<\/span>\n\t\t\t<\/span>\n\t\t<span class=\"qodef-icon--minus\">\n\t\t\t\t<span class=\"qodef-e-icon\">\n\t\t<i aria-hidden=\"true\" class=\"fas fa-minus\"><\/i>\t<\/span>\n\t\t\t<\/span>\n\t<\/span>\n<\/h4>\n<div class=\"qodef-e-content\">\n\t<div class=\"qodef-e-content-inner\">\n\t\t<p>Les prix mamimums en Belgique puvent \u00eatre consult\u00e9s sur le site:<\/p><p><a href=\"https:\/\/economie.fgov.be\/fr\/themes\/energie\/prix-de-lenergie\/prix-maximum-des-produits\/tarif-officiel-des-produits\">https:\/\/economie.fgov.be\/fr\/themes\/energie\/prix-de-lenergie\/prix-maximum-des-produits\/tarif-officiel-des-produits<\/a><\/p><p>Les prix mamimums en Luxembourg puvent \u00eatre consult\u00e9s sur le site<\/p><p><a href=\"https:\/\/guichet.public.lu\/fr\/entreprises\/outils\/prix-prod-petrol.html\">https:\/\/guichet.public.lu\/fr\/entreprises\/outils\/prix-prod-petrol.htmlhttps:\/\/guichet.public.lu\/fr\/entreprises\/outils\/prix-prod-petrol.html<\/a><\/p>\t<\/div>\n<\/div>\n<\/div>\n\t\t\t\t<\/div>\n\t\t\t\t<\/div>\n\t\t\t\t\t<\/div>\n\t\t<\/div>\n\t\t\t\t<div class=\"elementor-column elementor-col-50 elementor-top-column elementor-element elementor-element-e7cbb5f\" data-id=\"e7cbb5f\" data-element_type=\"column\">\n\t\t\t<div class=\"elementor-widget-wrap elementor-element-populated\">\n\t\t\t\t\t\t<div class=\"elementor-element elementor-element-1ae1de1 elementor-widget elementor-widget-qi_addons_for_elementor_accordion\" data-id=\"1ae1de1\" data-element_type=\"widget\" data-widget_type=\"qi_addons_for_elementor_accordion.default\">\n\t\t\t\t<div class=\"elementor-widget-container\">\n\t\t\t\t\t<div class=\"qodef-shortcode qodef-m qodef-qi-accordion qodef-qi-clear qodef-behavior--toggle qodef-layout--simple qodef-style--border-between\">\n\t<h4 class=\"qodef-e-title-holder\">\n\t<span class=\"qodef-e-title\">Ultra (\u00e9cologique)<\/span>\n\t<span class=\"qodef-e-mark\">\n\t\t<span class=\"qodef-icon--plus\">\n\t\t\t\t<span class=\"qodef-e-icon\">\n\t\t<i aria-hidden=\"true\" class=\"fas fa-plus\"><\/i>\t<\/span>\n\t\t\t<\/span>\n\t\t<span class=\"qodef-icon--minus\">\n\t\t\t\t<span class=\"qodef-e-icon\">\n\t\t<i aria-hidden=\"true\" class=\"fas fa-minus\"><\/i>\t<\/span>\n\t\t\t<\/span>\n\t<\/span>\n<\/h4>\n<div class=\"qodef-e-content\">\n\t<div class=\"qodef-e-content-inner\">\n\t\t<h4 class=\"newstitle\">TOTAL gasoil de chauffage \"ULTRA\" (\u00e9cologique)<\/h4>Diminuez votre consommation de mazout en utilisant un produit perfomant toute l'ann\u00e9e en toute simplifit\u00e9.<br \/>Gr\u00e2ce \u00e0 lui, vous augmenterez la fiabilit\u00e9 et la long\u00e9vit\u00e9 de votre installation.<br \/>Vous n'aurez plus de probl\u00e8me g\u00eanant des odeurs tenaces du mazout et vous aurez la garantie de prot\u00e9ger de mani\u00e8re significative l'environnement.<strong><br \/>Avantages:<\/strong><div class=\"newstexteditor\"><ul><li>diminution de la consommation (jusqu'\u00e0 - 7 %<\/li><li>meilleure protection de l'environnemeny (diminution des \u00e9missions de CO2)<\/li><li>augmentation de la fiabilit\u00e9 et long\u00e9vit\u00e9 de votre installation,<\/li><li>odeur plus discr\u00e8te (r\u00e9duit les odeurs tenaces au remplissage),<\/li><li>produit performant toute l'ann\u00e9e (tenue au froid jusq'\u00e0 - 20\u00b0C).<\/li><li>kompensiert.<\/li><\/ul><\/div>\t<\/div>\n<\/div>\n<h4 class=\"qodef-e-title-holder\">\n\t<span class=\"qodef-e-title\">Grandfroid<\/span>\n\t<span class=\"qodef-e-mark\">\n\t\t<span class=\"qodef-icon--plus\">\n\t\t\t\t<span class=\"qodef-e-icon\">\n\t\t<i aria-hidden=\"true\" class=\"fas fa-plus\"><\/i>\t<\/span>\n\t\t\t<\/span>\n\t\t<span class=\"qodef-icon--minus\">\n\t\t\t\t<span class=\"qodef-e-icon\">\n\t\t<i aria-hidden=\"true\" class=\"fas fa-minus\"><\/i>\t<\/span>\n\t\t\t<\/span>\n\t<\/span>\n<\/h4>\n<div class=\"qodef-e-content\">\n\t<div class=\"qodef-e-content-inner\">\n\t\t<div class=\"newsintro\"><div class=\"newsintro\"><p><strong>Utilisation:<\/strong><\/p><\/div><div class=\"newstexteditor\">Ce Egalement appel\u00e9 mazout d'hiver. Il est utilis\u00e9 dans les chaudi\u00e8res \u00e0 mazout traditionelles ou po\u00eales \u00e0 mazout. Il peut \u00e9galement servir de carburant pour les moteurs diesel stationnaires et pour moteurs d'engins non routiers.<\/div><\/div>\t<\/div>\n<\/div>\n<h4 class=\"qodef-e-title-holder\">\n\t<span class=\"qodef-e-title\">P\u00e9trole<\/span>\n\t<span class=\"qodef-e-mark\">\n\t\t<span class=\"qodef-icon--plus\">\n\t\t\t\t<span class=\"qodef-e-icon\">\n\t\t<i aria-hidden=\"true\" class=\"fas fa-plus\"><\/i>\t<\/span>\n\t\t\t<\/span>\n\t\t<span class=\"qodef-icon--minus\">\n\t\t\t\t<span class=\"qodef-e-icon\">\n\t\t<i aria-hidden=\"true\" class=\"fas fa-minus\"><\/i>\t<\/span>\n\t\t\t<\/span>\n\t<\/span>\n<\/h4>\n<div class=\"qodef-e-content\">\n\t<div class=\"qodef-e-content-inner\">\n\t\t<div class=\"newsintro\"><h4 class=\"newstitle\">P\u00e9trole \"qualit\u00e9 C\"<\/h4><div class=\"newstexteditor\"><strong>Utilisation:<\/strong><p>Le p\u00e9trole lampant, \u00e9galement connu sous les d\u00e9nominations \"p\u00e9trole blanc\" et \"burning kerosene (BUK)\", est tr\u00e8s utilis\u00e9\u00a0comme combustible pour des po\u00eales \u00e0 p\u00e9trole. Ces po\u00eales, du type \u00e0 m\u00e8che ou du type \u00e0 catalyseur, sont encore aujourd'hui\u00a0tr\u00e8s largement utilis\u00e9s, principalement comme chaffage d'appoint.<\/p><p>En plus du chauffage et de l'\u00e9clairage, la tr\u00e8s faible teneur en soufre (maximum 0,01%) du p\u00e9trole lampant commercialis\u00e9 par Total\u00a0(p\u00e9trole lampant type C), permet de nombreuses applications des plus diverses: agent de d\u00e9moulage, diluant (solvant), d\u00e9graissant, nettoyant, am\u00e9liorant de tenue au froid pour mazout, et beaucoup d'autres.<\/p><\/div><\/div>\t<\/div>\n<\/div>\n<h4 class=\"qodef-e-title-holder\">\n\t<span class=\"qodef-e-title\">Le contr\u00f4le des citernes \u00e0 mazout<\/span>\n\t<span class=\"qodef-e-mark\">\n\t\t<span class=\"qodef-icon--plus\">\n\t\t\t\t<span class=\"qodef-e-icon\">\n\t\t<i aria-hidden=\"true\" class=\"fas fa-plus\"><\/i>\t<\/span>\n\t\t\t<\/span>\n\t\t<span class=\"qodef-icon--minus\">\n\t\t\t\t<span class=\"qodef-e-icon\">\n\t\t<i aria-hidden=\"true\" class=\"fas fa-minus\"><\/i>\t<\/span>\n\t\t\t<\/span>\n\t<\/span>\n<\/h4>\n<div class=\"qodef-e-content\">\n\t<div class=\"qodef-e-content-inner\">\n\t\t<p><a href=\"https:\/\/piront.eu\/wp-content\/uploads\/2021\/11\/Flyer-Ultratanks.pdf\">Flyer Ultratanks<\/a><\/p>\t<\/div>\n<\/div>\n<\/div>\n\t\t\t\t<\/div>\n\t\t\t\t<\/div>\n\t\t\t\t\t<\/div>\n\t\t<\/div>\n\t\t\t\t\t<\/div>\n\t\t<\/section>\n\t\t\t\t<section class=\"elementor-section elementor-top-section elementor-element elementor-element-e13bc49 elementor-section-boxed elementor-section-height-default elementor-section-height-default mkdf-parallax-row-no mkdf-content-aligment-left mkdf-elementor-row-grid-no mkdf-disabled-bg-image-bellow-no mkdf-row-btt-light\" data-id=\"e13bc49\" data-element_type=\"section\">\n\t\t\t\t\t\t<div class=\"elementor-container elementor-column-gap-default\">\n\t\t\t\t\t<div class=\"elementor-column elementor-col-100 elementor-top-column elementor-element elementor-element-28a39fc\" data-id=\"28a39fc\" data-element_type=\"column\">\n\t\t\t<div class=\"elementor-widget-wrap elementor-element-populated\">\n\t\t\t\t\t\t<div class=\"elementor-element elementor-element-0e6b9ae elementor-widget elementor-widget-spacer\" data-id=\"0e6b9ae\" data-element_type=\"widget\" data-widget_type=\"spacer.default\">\n\t\t\t\t<div class=\"elementor-widget-container\">\n\t\t\t\t\t\t\t<div class=\"elementor-spacer\">\n\t\t\t<div class=\"elementor-spacer-inner\"><\/div>\n\t\t<\/div>\n\t\t\t\t\t\t<\/div>\n\t\t\t\t<\/div>\n\t\t\t\t\t<\/div>\n\t\t<\/div>\n\t\t\t\t\t<\/div>\n\t\t<\/section>\n\t\t\t\t<section class=\"elementor-section elementor-top-section elementor-element elementor-element-26454e8 elementor-section-boxed elementor-section-height-default elementor-section-height-default mkdf-parallax-row-no mkdf-content-aligment-left mkdf-elementor-row-grid-no mkdf-disabled-bg-image-bellow-no mkdf-row-btt-light\" data-id=\"26454e8\" data-element_type=\"section\" data-settings=\"{&quot;background_background&quot;:&quot;classic&quot;}\">\n\t\t\t\t\t\t<div class=\"elementor-container elementor-column-gap-default\">\n\t\t\t\t\t<div class=\"elementor-column elementor-col-50 elementor-top-column elementor-element elementor-element-ffc3716\" data-id=\"ffc3716\" data-element_type=\"column\">\n\t\t\t<div class=\"elementor-widget-wrap\">\n\t\t\t\t\t\t\t<\/div>\n\t\t<\/div>\n\t\t\t\t<div class=\"elementor-column elementor-col-50 elementor-top-column elementor-element elementor-element-39e9f9c\" data-id=\"39e9f9c\" data-element_type=\"column\" data-settings=\"{&quot;background_background&quot;:&quot;classic&quot;}\">\n\t\t\t<div class=\"elementor-widget-wrap elementor-element-populated\">\n\t\t\t\t\t\t<div class=\"elementor-element elementor-element-f2de6bc elementor-widget elementor-widget-text-editor\" data-id=\"f2de6bc\" data-element_type=\"widget\" data-widget_type=\"text-editor.default\">\n\t\t\t\t<div class=\"elementor-widget-container\">\n\t\t\t\t\t\t\t\t\t<h4><span style=\"color: #ffffff;\">Vous avez besoin d&rsquo;une livraison urgente de gasoil du chauffage?<\/span><\/h4><h4>\u00a0<\/h4><h4><span style=\"color: #ffffff;\">N&rsquo;hesitez pas et appelez nous sur le num\u00e9ro:<\/span><\/h4><h3><a title=\"A. Piront\" href=\"https:\/\/piront.eu\/kontakt-emmels\/\"><span style=\"color: #ffffff;\">0032 80 280 802<\/span><\/a><\/h3>\t\t\t\t\t\t\t\t<\/div>\n\t\t\t\t<\/div>\n\t\t\t\t\t<\/div>\n\t\t<\/div>\n\t\t\t\t\t<\/div>\n\t\t<\/section>\n\t\t\t\t<\/div>\n\t\t","protected":false},"excerpt":{"rendered":"<p>Service est notre force Aujourd&rsquo;hui, le gasoil de chauffage est devenu le choix num\u00e9ro 1 des consommateurs, \u00e9tant pr\u00e9f\u00e9r\u00e9 aux autres sources d&rsquo;\u00e9nergie thermique. Et \u00e0 juste titre! Car le gasoil de chauffage Total r\u00e9pond aux exigences et aux normes [&hellip;]<\/p>\n","protected":false},"author":1,"featured_media":0,"parent":0,"menu_order":0,"comment_status":"closed","ping_status":"closed","template":"full-width.php","meta":{"_monsterinsights_skip_tracking":false,"_monsterinsights_sitenote_active":false,"_monsterinsights_sitenote_note":"","_monsterinsights_sitenote_category":0,"footnotes":""},"class_list":["post-11934","page","type-page","status-publish","hentry"],"_links":{"self":[{"href":"https:\/\/piront.eu\/fr\/wp-json\/wp\/v2\/pages\/11934","targetHints":{"allow":["GET"]}}],"collection":[{"href":"https:\/\/piront.eu\/fr\/wp-json\/wp\/v2\/pages"}],"about":[{"href":"https:\/\/piront.eu\/fr\/wp-json\/wp\/v2\/types\/page"}],"author":[{"embeddable":true,"href":"https:\/\/piront.eu\/fr\/wp-json\/wp\/v2\/users\/1"}],"replies":[{"embeddable":true,"href":"https:\/\/piront.eu\/fr\/wp-json\/wp\/v2\/comments?post=11934"}],"version-history":[{"count":124,"href":"https:\/\/piront.eu\/fr\/wp-json\/wp\/v2\/pages\/11934\/revisions"}],"predecessor-version":[{"id":15044,"href":"https:\/\/piront.eu\/fr\/wp-json\/wp\/v2\/pages\/11934\/revisions\/15044"}],"wp:attachment":[{"href":"https:\/\/piront.eu\/fr\/wp-json\/wp\/v2\/media?parent=11934"}],"curies":[{"name":"wp","href":"https:\/\/api.w.org\/{rel}","templated":true}]}}