{"id":11936,"date":"2021-11-29T13:51:07","date_gmt":"2021-11-29T13:51:07","guid":{"rendered":"https:\/\/piront.eu\/?page_id=11936"},"modified":"2025-08-04T07:49:35","modified_gmt":"2025-08-04T07:49:35","slug":"mentions-legales","status":"publish","type":"page","link":"https:\/\/piront.eu\/fr\/mentions-legales\/","title":{"rendered":"Mentions l\u00e9gales"},"content":{"rendered":"\t\t<div data-elementor-type=\"wp-page\" data-elementor-id=\"11936\" class=\"elementor elementor-11936 elementor-10315\">\n\t\t\t\t\t\t<section class=\"elementor-section elementor-top-section elementor-element elementor-element-5fd7d77 elementor-section-boxed elementor-section-height-default elementor-section-height-default mkdf-parallax-row-no mkdf-content-aligment-left mkdf-elementor-row-grid-no mkdf-disabled-bg-image-bellow-no mkdf-row-btt-light\" data-id=\"5fd7d77\" data-element_type=\"section\">\n\t\t\t\t\t\t<div class=\"elementor-container elementor-column-gap-default\">\n\t\t\t\t\t<div class=\"elementor-column elementor-col-100 elementor-top-column elementor-element elementor-element-02dfc2a\" data-id=\"02dfc2a\" data-element_type=\"column\">\n\t\t\t<div class=\"elementor-widget-wrap elementor-element-populated\">\n\t\t\t\t\t\t<div class=\"elementor-element elementor-element-2d8e50e elementor-widget elementor-widget-spacer\" data-id=\"2d8e50e\" data-element_type=\"widget\" data-widget_type=\"spacer.default\">\n\t\t\t\t<div class=\"elementor-widget-container\">\n\t\t\t\t\t\t\t<div class=\"elementor-spacer\">\n\t\t\t<div class=\"elementor-spacer-inner\"><\/div>\n\t\t<\/div>\n\t\t\t\t\t\t<\/div>\n\t\t\t\t<\/div>\n\t\t\t\t\t<\/div>\n\t\t<\/div>\n\t\t\t\t\t<\/div>\n\t\t<\/section>\n\t\t\t\t<section class=\"elementor-section elementor-top-section elementor-element elementor-element-fb62107 elementor-section-boxed elementor-section-height-default elementor-section-height-default mkdf-parallax-row-no mkdf-content-aligment-left mkdf-elementor-row-grid-no mkdf-disabled-bg-image-bellow-no mkdf-row-btt-light\" data-id=\"fb62107\" data-element_type=\"section\">\n\t\t\t\t\t\t<div class=\"elementor-container elementor-column-gap-default\">\n\t\t\t\t\t<div class=\"elementor-column elementor-col-50 elementor-top-column elementor-element elementor-element-0d3e60f\" data-id=\"0d3e60f\" data-element_type=\"column\">\n\t\t\t<div class=\"elementor-widget-wrap elementor-element-populated\">\n\t\t\t\t\t\t<div class=\"elementor-element elementor-element-b349e03 elementor-widget elementor-widget-text-editor\" data-id=\"b349e03\" data-element_type=\"widget\" data-widget_type=\"text-editor.default\">\n\t\t\t\t<div class=\"elementor-widget-container\">\n\t\t\t\t\t\t\t\t\t<div class=\"wpb_text_column wpb_content_element vc_custom_1605177393764\"><div class=\"wpb_wrapper\"><div class=\"fusion-column-content-centered\"><div class=\"fusion-column-content\"><div class=\"fusion-text fusion-text-1\"><h4 class=\"fusion-responsive-typography-calculated\" data-fontsize=\"30\" data-lineheight=\"45px\"><strong>Editeur responsable<\/strong><\/h4><p>Axel Piront<br \/><b><\/b><\/p><p><b>A. Piront<\/b><br \/>Marianusstra\u00dfe 46<br \/>B-4780 EMMELS<\/p><p>Tel. +32 (0)80 280 800<br \/>Fax +32 (0)80 280 808<br \/><a href=\"mailto:info@piront.net\">info@piront.net<\/a><\/p><p><b>Pirolux<\/b><b> s.a.<\/b><br \/>4, Op Stackem<br \/>L-9952 DRINKLANGE<\/p><p>Tel. +352 97 94 06<br \/>Fax: +352 97 94 05<br \/><a href=\"mailto:info@pirolux.lu\">info@pirolux.lu<\/a><\/p><h4><span lang=\"fr-be\">Copyright<\/span><\/h4><\/div><\/div><\/div><\/div><\/div><div class=\"wpb_text_column wpb_content_element vc_custom_1605013900404\"><div class=\"wpb_wrapper\"><div class=\"fusion-column-content-centered\"><div class=\"fusion-column-content\"><div class=\"fusion-text fusion-text-1\"><div class=\"wpb_text_column wpb_content_element \"><div class=\"wpb_wrapper\"><p><span lang=\"fr-be\">2021 \u2013 A. Piront \/ Pirolux<br \/>Tous les contenus de ce site (textes, donn\u00e9es, illustrations, photos, graphiques, logos, descriptions de produits, etc.) sont prot\u00e9g\u00e9s par le droit d&rsquo;auteur.<br \/><\/span><\/p><p>Photos: A. Piront, Schreinerei DE.KO, Georg Schmitz, Adobe Stock<\/p><\/div><\/div><\/div><\/div><\/div><\/div><\/div>\t\t\t\t\t\t\t\t<\/div>\n\t\t\t\t<\/div>\n\t\t\t\t\t<\/div>\n\t\t<\/div>\n\t\t\t\t<div class=\"elementor-column elementor-col-50 elementor-top-column elementor-element elementor-element-831e6ee\" data-id=\"831e6ee\" data-element_type=\"column\">\n\t\t\t<div class=\"elementor-widget-wrap elementor-element-populated\">\n\t\t\t\t\t\t<div class=\"elementor-element elementor-element-5292c62 elementor-widget elementor-widget-text-editor\" data-id=\"5292c62\" data-element_type=\"widget\" data-widget_type=\"text-editor.default\">\n\t\t\t\t<div class=\"elementor-widget-container\">\n\t\t\t\t\t\t\t\t\t<div class=\"wpb_text_column wpb_content_element vc_custom_1605177393764\"><div class=\"wpb_wrapper\"><div class=\"fusion-column-content-centered\"><div class=\"fusion-column-content\"><h4 class=\"fusion-text fusion-text-1\">Webdesign &amp; Hosting<\/h4><\/div><\/div><\/div><\/div><div class=\"wpb_text_column wpb_content_element vc_custom_1605013923673\"><div class=\"wpb_wrapper\"><div class=\"fusion-column-content-centered\"><div class=\"fusion-column-content\"><div class=\"fusion-text fusion-text-1\"><div class=\"wpb_text_column wpb_content_element \"><div class=\"wpb_wrapper\"><p><strong>Indigo PGmbH<br \/><\/strong>Pierre Benker<br \/>Solvaystrasse 3<br \/>B-4780 SANKT VITH<br \/>Belgien<br \/>Tel.: +32 (0)80 280 281<br \/>Email:\u00a0<a href=\"mailto:info@indigo.info\">info@indigo.info<\/a><br \/><u>www.indigo.info<\/u><\/p><p><strong>Indigoweb s\u00e0rl<\/strong><strong><br \/><\/strong>Z.I. In den Allern 6<br \/>L-9911 Troisvierges<br \/>Luxemburg<br \/>Tel. +352 26 90 31 28<\/p><p><strong>Host Europe GmbH<\/strong><br \/>Welserstra\u00dfe 14<br \/>51149 Cologne<br \/>D-Germany<\/p><p>REG ID: HRB 28495<br \/>VAT ID: DE187370678<\/p><\/div><\/div><\/div><\/div><\/div><\/div><\/div>\t\t\t\t\t\t\t\t<\/div>\n\t\t\t\t<\/div>\n\t\t\t\t\t<\/div>\n\t\t<\/div>\n\t\t\t\t\t<\/div>\n\t\t<\/section>\n\t\t\t\t<\/div>\n\t\t","protected":false},"excerpt":{"rendered":"<p>Editeur responsable Axel Piront A. Piront Marianusstra\u00dfe 46 B-4780 EMMELS Tel. +32 (0)80 280 800 Fax +32 (0)80 280 808 info@piront.net Pirolux s.a. 4, Op Stackem L-9952 DRINKLANGE Tel. +352 97 94 06 Fax: +352 97 94 05 info@pirolux.lu Copyright [&hellip;]<\/p>\n","protected":false},"author":1,"featured_media":0,"parent":0,"menu_order":0,"comment_status":"closed","ping_status":"closed","template":"full-width.php","meta":{"_monsterinsights_skip_tracking":false,"_monsterinsights_sitenote_active":false,"_monsterinsights_sitenote_note":"","_monsterinsights_sitenote_category":0,"footnotes":""},"class_list":["post-11936","page","type-page","status-publish","hentry"],"_links":{"self":[{"href":"https:\/\/piront.eu\/fr\/wp-json\/wp\/v2\/pages\/11936","targetHints":{"allow":["GET"]}}],"collection":[{"href":"https:\/\/piront.eu\/fr\/wp-json\/wp\/v2\/pages"}],"about":[{"href":"https:\/\/piront.eu\/fr\/wp-json\/wp\/v2\/types\/page"}],"author":[{"embeddable":true,"href":"https:\/\/piront.eu\/fr\/wp-json\/wp\/v2\/users\/1"}],"replies":[{"embeddable":true,"href":"https:\/\/piront.eu\/fr\/wp-json\/wp\/v2\/comments?post=11936"}],"version-history":[{"count":11,"href":"https:\/\/piront.eu\/fr\/wp-json\/wp\/v2\/pages\/11936\/revisions"}],"predecessor-version":[{"id":15450,"href":"https:\/\/piront.eu\/fr\/wp-json\/wp\/v2\/pages\/11936\/revisions\/15450"}],"wp:attachment":[{"href":"https:\/\/piront.eu\/fr\/wp-json\/wp\/v2\/media?parent=11936"}],"curies":[{"name":"wp","href":"https:\/\/api.w.org\/{rel}","templated":true}]}}