{"id":11946,"date":"2021-11-29T13:56:03","date_gmt":"2021-11-29T13:56:03","guid":{"rendered":"https:\/\/piront.eu\/?page_id=11946"},"modified":"2021-12-10T10:16:18","modified_gmt":"2021-12-10T10:16:18","slug":"materiaux-de-construction-ecologiques","status":"publish","type":"page","link":"https:\/\/piront.eu\/fr\/materiaux-de-construction-ecologiques\/","title":{"rendered":"Mat\u00e9riaux de construction \u00e9cologiques"},"content":{"rendered":"\t\t<div data-elementor-type=\"wp-page\" data-elementor-id=\"11946\" class=\"elementor elementor-11946 elementor-10074\">\n\t\t\t\t\t\t<section class=\"elementor-section elementor-top-section elementor-element elementor-element-e92022f elementor-section-boxed elementor-section-height-default elementor-section-height-default mkdf-parallax-row-no mkdf-content-aligment-left mkdf-elementor-row-grid-no mkdf-disabled-bg-image-bellow-no mkdf-row-btt-light\" data-id=\"e92022f\" data-element_type=\"section\">\n\t\t\t\t\t\t<div class=\"elementor-container elementor-column-gap-default\">\n\t\t\t\t\t<div class=\"elementor-column elementor-col-100 elementor-top-column elementor-element elementor-element-1483489\" data-id=\"1483489\" data-element_type=\"column\">\n\t\t\t<div class=\"elementor-widget-wrap elementor-element-populated\">\n\t\t\t\t\t\t<div class=\"elementor-element elementor-element-c1d3647 elementor-widget elementor-widget-spacer\" data-id=\"c1d3647\" data-element_type=\"widget\" data-widget_type=\"spacer.default\">\n\t\t\t\t<div class=\"elementor-widget-container\">\n\t\t\t\t\t\t\t<div class=\"elementor-spacer\">\n\t\t\t<div class=\"elementor-spacer-inner\"><\/div>\n\t\t<\/div>\n\t\t\t\t\t\t<\/div>\n\t\t\t\t<\/div>\n\t\t\t\t\t<\/div>\n\t\t<\/div>\n\t\t\t\t\t<\/div>\n\t\t<\/section>\n\t\t\t\t<section class=\"elementor-section elementor-top-section elementor-element elementor-element-e95fa15 elementor-section-boxed elementor-section-height-default elementor-section-height-default mkdf-parallax-row-no mkdf-content-aligment-left mkdf-elementor-row-grid-no mkdf-disabled-bg-image-bellow-no mkdf-row-btt-light\" data-id=\"e95fa15\" data-element_type=\"section\">\n\t\t\t\t\t\t<div class=\"elementor-container elementor-column-gap-default\">\n\t\t\t\t\t<div class=\"elementor-column elementor-col-50 elementor-top-column elementor-element elementor-element-8f6d1e7\" data-id=\"8f6d1e7\" data-element_type=\"column\">\n\t\t\t<div class=\"elementor-widget-wrap elementor-element-populated\">\n\t\t\t\t\t\t<div class=\"elementor-element elementor-element-5141431 elementor-widget elementor-widget-qi_addons_for_elementor_accordion\" data-id=\"5141431\" data-element_type=\"widget\" data-widget_type=\"qi_addons_for_elementor_accordion.default\">\n\t\t\t\t<div class=\"elementor-widget-container\">\n\t\t\t\t\t<div class=\"qodef-shortcode qodef-m qodef-qi-accordion qodef-qi-clear qodef-behavior--toggle qodef-layout--simple qodef-style--border-between\">\n\t<h4 class=\"qodef-e-title-holder\">\n\t<span class=\"qodef-e-title\">Materiaux de construction en argile<\/span>\n\t<span class=\"qodef-e-mark\">\n\t\t<span class=\"qodef-icon--plus\">\n\t\t\t\t<span class=\"qodef-e-icon\">\n\t\t<i aria-hidden=\"true\" class=\"fas fa-plus\"><\/i>\t<\/span>\n\t\t\t<\/span>\n\t\t<span class=\"qodef-icon--minus\">\n\t\t\t\t<span class=\"qodef-e-icon\">\n\t\t<i aria-hidden=\"true\" class=\"fas fa-minus\"><\/i>\t<\/span>\n\t\t\t<\/span>\n\t<\/span>\n<\/h4>\n<div class=\"qodef-e-content\">\n\t<div class=\"qodef-e-content-inner\">\n\t\t<p><strong>Le bois et l'argile, les partenaires id\u00e9aux pour l'habitat<\/strong><br \/>Les mat\u00e9riaux de construction en argile cr\u00e9ent des surfaces esth\u00e9tiques et vivantes. Ce<br \/>mat\u00e9riau naturel et respirant apporte un meilleur climat: Il r\u00e9gule l'humidit\u00e9 ambiante et<br \/>donne une agr\u00e9able sensation de chaleur.<\/p><p><br \/><strong>R\u00e9habilitation<\/strong><br \/>Les mat\u00e9riaux en argile se pr\u00e8tent id\u00e9alement \u00e0 la restauration de b\u00e2timents anciens et<br \/>particuli\u00e8rement de maisons en colombages. Les vieux murs peuvent ainsi \u00eatre sauvegard\u00e9s,<br \/>des surfaces pr\u00e9serv\u00e9es et avec elles, le charme de la construction ancienne. Au lieu d'une<br \/>intervention lourde, une r\u00e9novation respectant le b\u00e2ti ancien est possible, et ceci, avec un<br \/>mat\u00e9riau des plus \u00e9cologiques.<\/p><p>\u00a0<\/p><p><strong>Gammes de terres<\/strong><br \/>Du blanc le plus pur aux couleurs apaisantes des terres naturelles, Clayfix se d\u00e9cline en<br \/>plusieurs gammes harmonieuses entre enduits et peintures en terre. Chaleur des terres de<br \/>couleur ou sobri\u00e9t\u00e9 des argiles claires, les enduits en terre participent \u00e0 une d\u00e9coration<br \/>int\u00e9rieure subtile et recherch\u00e9e.<\/p><p>\u00a0<\/p><p><strong>Contrastes<\/strong><br \/>Les enduits de finition Clayfix blanc peuvent \u00e9galement \u00eatre color\u00e9s avec des pigments pour<br \/>obtenir des couleurs plus vives et contrast\u00e9es.<\/p>\t<\/div>\n<\/div>\n<\/div>\n\t\t\t\t<\/div>\n\t\t\t\t<\/div>\n\t\t\t\t\t<\/div>\n\t\t<\/div>\n\t\t\t\t<div class=\"elementor-column elementor-col-50 elementor-top-column elementor-element elementor-element-0518fcc\" data-id=\"0518fcc\" data-element_type=\"column\">\n\t\t\t<div class=\"elementor-widget-wrap elementor-element-populated\">\n\t\t\t\t\t\t<div class=\"elementor-element elementor-element-2b1dc09 elementor-widget elementor-widget-qi_addons_for_elementor_accordion\" data-id=\"2b1dc09\" data-element_type=\"widget\" data-widget_type=\"qi_addons_for_elementor_accordion.default\">\n\t\t\t\t<div class=\"elementor-widget-container\">\n\t\t\t\t\t<div class=\"qodef-shortcode qodef-m qodef-qi-accordion qodef-qi-clear qodef-behavior--toggle qodef-layout--simple qodef-style--border-between\">\n\t<h4 class=\"qodef-e-title-holder\">\n\t<span class=\"qodef-e-title\">Mat\u00e9riel d&#039;isolation<\/span>\n\t<span class=\"qodef-e-mark\">\n\t\t<span class=\"qodef-icon--plus\">\n\t\t\t\t<span class=\"qodef-e-icon\">\n\t\t<i aria-hidden=\"true\" class=\"fas fa-plus\"><\/i>\t<\/span>\n\t\t\t<\/span>\n\t\t<span class=\"qodef-icon--minus\">\n\t\t\t\t<span class=\"qodef-e-icon\">\n\t\t<i aria-hidden=\"true\" class=\"fas fa-minus\"><\/i>\t<\/span>\n\t\t\t<\/span>\n\t<\/span>\n<\/h4>\n<div class=\"qodef-e-content\">\n\t<div class=\"qodef-e-content-inner\">\n\t\t<h4>Habitat \u00e9cologique - Protection de l'environnement et de la sant\u00e9<\/h4><p>Nous passons en moyenne 90 % de notre temps chez nous. Mais aujourd'hui, ce n'est plus un secret, l'int\u00e9rieur de nos maisons est aussi pollu\u00e9 que l'air ext\u00e9rieur. Nous devons nous tourner vers des mat\u00e9riaux respectueux de notre sant\u00e9 et de notre environnement tel que le chanvre. Thermo-Chanvre\u00ae ne contient aucun additif nocif et n'est en aucun cas dangereux ni pour la sant\u00e9, ni pour l'environnement.<\/p><p>Thermo-Chanvre\u00ae s'utilise pour l'isolation thermique et acoustique des murs, des cloisons, des planchers et des toitures.<\/p><p>Thermo-Chanvre\u00ae a l'immense qualit\u00e9 de pouvoir absorber l'humidit\u00e9 de l'air de la restituer quand l'atmosph\u00e8re est trop s\u00e8che, sans alt\u00e9rer son pouvoir isolant. Il garantit une bonne protection contre le froid en hiver et contre la chaleur en \u00e9t\u00e9.<\/p>\t<\/div>\n<\/div>\n<\/div>\n\t\t\t\t<\/div>\n\t\t\t\t<\/div>\n\t\t\t\t\t<\/div>\n\t\t<\/div>\n\t\t\t\t\t<\/div>\n\t\t<\/section>\n\t\t\t\t<section class=\"elementor-section elementor-top-section elementor-element elementor-element-04e6d4c elementor-section-boxed elementor-section-height-default elementor-section-height-default mkdf-parallax-row-no mkdf-content-aligment-left mkdf-elementor-row-grid-no mkdf-disabled-bg-image-bellow-no mkdf-row-btt-light\" data-id=\"04e6d4c\" data-element_type=\"section\">\n\t\t\t\t\t\t<div class=\"elementor-container elementor-column-gap-default\">\n\t\t\t\t\t<div class=\"elementor-column elementor-col-100 elementor-top-column elementor-element elementor-element-b6ce850\" data-id=\"b6ce850\" data-element_type=\"column\">\n\t\t\t<div class=\"elementor-widget-wrap elementor-element-populated\">\n\t\t\t\t\t\t<div class=\"elementor-element elementor-element-2713fd2 elementor-widget elementor-widget-spacer\" data-id=\"2713fd2\" data-element_type=\"widget\" data-widget_type=\"spacer.default\">\n\t\t\t\t<div class=\"elementor-widget-container\">\n\t\t\t\t\t\t\t<div class=\"elementor-spacer\">\n\t\t\t<div class=\"elementor-spacer-inner\"><\/div>\n\t\t<\/div>\n\t\t\t\t\t\t<\/div>\n\t\t\t\t<\/div>\n\t\t\t\t\t<\/div>\n\t\t<\/div>\n\t\t\t\t\t<\/div>\n\t\t<\/section>\n\t\t\t\t<section class=\"elementor-section elementor-top-section elementor-element elementor-element-438e5fa elementor-section-boxed elementor-section-height-default elementor-section-height-default mkdf-parallax-row-no mkdf-content-aligment-left mkdf-elementor-row-grid-no mkdf-disabled-bg-image-bellow-no mkdf-row-btt-light\" data-id=\"438e5fa\" data-element_type=\"section\">\n\t\t\t\t\t\t<div class=\"elementor-container elementor-column-gap-default\">\n\t\t\t\t\t<div class=\"elementor-column elementor-col-100 elementor-top-column elementor-element elementor-element-934f83a\" data-id=\"934f83a\" data-element_type=\"column\">\n\t\t\t<div class=\"elementor-widget-wrap elementor-element-populated\">\n\t\t\t\t\t\t<div class=\"elementor-element elementor-element-b693b34 elementor-widget elementor-widget-heading\" data-id=\"b693b34\" data-element_type=\"widget\" data-widget_type=\"heading.default\">\n\t\t\t\t<div class=\"elementor-widget-container\">\n\t\t\t\t\t<h4 class=\"elementor-heading-title elementor-size-default\">Nos partenaires:<\/h4>\t\t\t\t<\/div>\n\t\t\t\t<\/div>\n\t\t\t\t<div class=\"elementor-element elementor-element-c460762 elementor-widget elementor-widget-qi_addons_for_elementor_clients_list\" data-id=\"c460762\" data-element_type=\"widget\" data-widget_type=\"qi_addons_for_elementor_clients_list.default\">\n\t\t\t\t<div class=\"elementor-widget-container\">\n\t\t\t\t\t<div class=\"qodef-shortcode qodef-m qodef-qi-clients-list qodef-border--inner qodef--hover-scale qodef-qi-grid qodef-layout--qi-columns qodef-col-num--8 qodef-responsive--custom qodef-col-num--1680--3 qodef-col-num--1440--8 qodef-col-num--1366--8 qodef-col-num--1024--8 qodef-col-num--768--3 qodef-col-num--680--3 qodef-col-num--480--2\">\n\t<div class=\"qodef-grid-inner\">\n\t\t<div class=\"qodef-e qodef-grid-item\">\n\t<div class=\"qodef-e-inner\">\n\t\t\t\t<div class=\"qodef-e-images-holder\">\n\t\t\t\t\t\t\t<div class=\"qodef-e-main-image\">\n\t\t\t\t\t<img fetchpriority=\"high\" decoding=\"async\" width=\"404\" height=\"220\" src=\"https:\/\/piront.eu\/wp-content\/uploads\/2021\/06\/piront-pirolux-claytec.jpg\" class=\"attachment-full size-full\" alt=\"\" srcset=\"https:\/\/piront.eu\/wp-content\/uploads\/2021\/06\/piront-pirolux-claytec.jpg 404w, https:\/\/piront.eu\/wp-content\/uploads\/2021\/06\/piront-pirolux-claytec-300x163.jpg 300w\" sizes=\"(max-width: 404px) 100vw, 404px\" \/>\t\t\t\t<\/div>\n\t\t\t\t\t\t\t\t<\/div>\n\t\t\t\t\t\t\t\t\t<\/div>\n<\/div>\n<div class=\"qodef-e qodef-grid-item\">\n\t<div class=\"qodef-e-inner\">\n\t\t\t\t<div class=\"qodef-e-images-holder\">\n\t\t\t\t\t\t\t<div class=\"qodef-e-main-image\">\n\t\t\t\t\t<img decoding=\"async\" width=\"404\" height=\"220\" src=\"https:\/\/piront.eu\/wp-content\/uploads\/2021\/06\/piront-pirolux-auro.jpg\" class=\"attachment-full size-full\" alt=\"\" srcset=\"https:\/\/piront.eu\/wp-content\/uploads\/2021\/06\/piront-pirolux-auro.jpg 404w, https:\/\/piront.eu\/wp-content\/uploads\/2021\/06\/piront-pirolux-auro-300x163.jpg 300w\" sizes=\"(max-width: 404px) 100vw, 404px\" \/>\t\t\t\t<\/div>\n\t\t\t\t\t\t\t\t<\/div>\n\t\t\t\t\t\t\t\t\t<\/div>\n<\/div>\n<div class=\"qodef-e qodef-grid-item\">\n\t<div class=\"qodef-e-inner\">\n\t\t\t\t<div class=\"qodef-e-images-holder\">\n\t\t\t\t\t\t\t<div class=\"qodef-e-main-image\">\n\t\t\t\t\t<img decoding=\"async\" width=\"404\" height=\"220\" src=\"https:\/\/piront.eu\/wp-content\/uploads\/2021\/06\/piront-pirolux-isohemp.jpg\" class=\"attachment-full size-full\" alt=\"\" srcset=\"https:\/\/piront.eu\/wp-content\/uploads\/2021\/06\/piront-pirolux-isohemp.jpg 404w, https:\/\/piront.eu\/wp-content\/uploads\/2021\/06\/piront-pirolux-isohemp-300x163.jpg 300w\" sizes=\"(max-width: 404px) 100vw, 404px\" \/>\t\t\t\t<\/div>\n\t\t\t\t\t\t\t\t<\/div>\n\t\t\t\t\t\t\t\t\t<\/div>\n<\/div>\n\t<\/div>\n<\/div>\n\t\t\t\t<\/div>\n\t\t\t\t<\/div>\n\t\t\t\t\t<\/div>\n\t\t<\/div>\n\t\t\t\t\t<\/div>\n\t\t<\/section>\n\t\t\t\t<section class=\"elementor-section elementor-top-section elementor-element elementor-element-465f65a elementor-section-boxed elementor-section-height-default elementor-section-height-default mkdf-parallax-row-no mkdf-content-aligment-left mkdf-elementor-row-grid-no mkdf-disabled-bg-image-bellow-no mkdf-row-btt-light\" data-id=\"465f65a\" data-element_type=\"section\">\n\t\t\t\t\t\t<div class=\"elementor-container elementor-column-gap-default\">\n\t\t\t\t\t<div class=\"elementor-column elementor-col-100 elementor-top-column elementor-element elementor-element-2b05e89\" data-id=\"2b05e89\" data-element_type=\"column\">\n\t\t\t<div class=\"elementor-widget-wrap elementor-element-populated\">\n\t\t\t\t\t\t<div class=\"elementor-element elementor-element-4825b44 elementor-widget elementor-widget-spacer\" data-id=\"4825b44\" data-element_type=\"widget\" data-widget_type=\"spacer.default\">\n\t\t\t\t<div class=\"elementor-widget-container\">\n\t\t\t\t\t\t\t<div class=\"elementor-spacer\">\n\t\t\t<div class=\"elementor-spacer-inner\"><\/div>\n\t\t<\/div>\n\t\t\t\t\t\t<\/div>\n\t\t\t\t<\/div>\n\t\t\t\t\t<\/div>\n\t\t<\/div>\n\t\t\t\t\t<\/div>\n\t\t<\/section>\n\t\t\t\t<section class=\"elementor-section elementor-top-section elementor-element elementor-element-0571ae4 elementor-section-boxed elementor-section-height-default elementor-section-height-default mkdf-parallax-row-no mkdf-content-aligment-left mkdf-elementor-row-grid-no mkdf-disabled-bg-image-bellow-no mkdf-row-btt-light\" data-id=\"0571ae4\" data-element_type=\"section\" data-settings=\"{&quot;background_background&quot;:&quot;classic&quot;}\">\n\t\t\t\t\t\t<div class=\"elementor-container elementor-column-gap-default\">\n\t\t\t\t\t<div class=\"elementor-column elementor-col-50 elementor-top-column elementor-element elementor-element-223f1f8\" data-id=\"223f1f8\" data-element_type=\"column\">\n\t\t\t<div class=\"elementor-widget-wrap\">\n\t\t\t\t\t\t\t<\/div>\n\t\t<\/div>\n\t\t\t\t<div class=\"elementor-column elementor-col-50 elementor-top-column elementor-element elementor-element-1ada887\" data-id=\"1ada887\" data-element_type=\"column\" data-settings=\"{&quot;background_background&quot;:&quot;classic&quot;}\">\n\t\t\t<div class=\"elementor-widget-wrap elementor-element-populated\">\n\t\t\t\t\t\t<div class=\"elementor-element elementor-element-189c7ab elementor-widget elementor-widget-mkdf_section_title\" data-id=\"189c7ab\" data-element_type=\"widget\" data-widget_type=\"mkdf_section_title.default\">\n\t\t\t\t<div class=\"elementor-widget-container\">\n\t\t\t\t\t<div class=\"mkdf-section-title-holder  mkdf-st-standard   \" >\n\t<div class=\"mkdf-st-inner\">\n        \t\t\t\t\t\t\t<h4 class=\"mkdf-st-text\" style=\"color: #FFFDFD;line-height: 40px\">\n\t\t\t\tVous n'avez pas trouv\u00e9 le produit souhait\u00e9?\t\t\t<\/h4>\n\t\t\t<\/div>\n<\/div>\t\t\t\t<\/div>\n\t\t\t\t<\/div>\n\t\t\t\t<div class=\"elementor-element elementor-element-726208e elementor-widget elementor-widget-mkdf_separator\" data-id=\"726208e\" data-element_type=\"widget\" data-widget_type=\"mkdf_separator.default\">\n\t\t\t\t<div class=\"elementor-widget-container\">\n\t\t\t\t\t<div class=\"mkdf-separator-holder clearfix  mkdf-separator-center mkdf-separator-normal\">\n\t<div class=\"mkdf-separator\" style=\"border-color: #FFFFFF;border-bottom-width: 1px\"><\/div>\n<\/div>\n\t\t\t\t<\/div>\n\t\t\t\t<\/div>\n\t\t\t\t<div class=\"elementor-element elementor-element-1c75076 elementor-widget elementor-widget-mkdf_button\" data-id=\"1c75076\" data-element_type=\"widget\" data-widget_type=\"mkdf_button.default\">\n\t\t\t\t<div class=\"elementor-widget-container\">\n\t\t\t\t\t<a itemprop=\"url\" href=\"https:\/\/piront.eu\/kontakt-emmels\/\" target=\"_self\" style=\"font-weight: 800;padding: \" class=\"mkdf-btn mkdf-btn-medium mkdf-btn-simple\"  0=\"font-weight: 800\" 1=\"padding: \">\n    <span class=\"mkdf-btn-text\">Contactez-nous<\/span>\n    <\/a>\t\t\t\t<\/div>\n\t\t\t\t<\/div>\n\t\t\t\t\t<\/div>\n\t\t<\/div>\n\t\t\t\t\t<\/div>\n\t\t<\/section>\n\t\t\t\t<\/div>\n\t\t","protected":false},"excerpt":{"rendered":"<p>Materiaux de construction en argile Le bois et l&rsquo;argile, les partenaires id\u00e9aux pour l&rsquo;habitatLes mat\u00e9riaux de construction en argile cr\u00e9ent des surfaces esth\u00e9tiques et vivantes. Cemat\u00e9riau naturel et respirant apporte un meilleur climat: Il r\u00e9gule l&rsquo;humidit\u00e9 ambiante etdonne une agr\u00e9able [&hellip;]<\/p>\n","protected":false},"author":1,"featured_media":0,"parent":0,"menu_order":0,"comment_status":"closed","ping_status":"closed","template":"full-width.php","meta":{"_monsterinsights_skip_tracking":false,"_monsterinsights_sitenote_active":false,"_monsterinsights_sitenote_note":"","_monsterinsights_sitenote_category":0,"footnotes":""},"class_list":["post-11946","page","type-page","status-publish","hentry"],"_links":{"self":[{"href":"https:\/\/piront.eu\/fr\/wp-json\/wp\/v2\/pages\/11946","targetHints":{"allow":["GET"]}}],"collection":[{"href":"https:\/\/piront.eu\/fr\/wp-json\/wp\/v2\/pages"}],"about":[{"href":"https:\/\/piront.eu\/fr\/wp-json\/wp\/v2\/types\/page"}],"author":[{"embeddable":true,"href":"https:\/\/piront.eu\/fr\/wp-json\/wp\/v2\/users\/1"}],"replies":[{"embeddable":true,"href":"https:\/\/piront.eu\/fr\/wp-json\/wp\/v2\/comments?post=11946"}],"version-history":[{"count":43,"href":"https:\/\/piront.eu\/fr\/wp-json\/wp\/v2\/pages\/11946\/revisions"}],"predecessor-version":[{"id":12436,"href":"https:\/\/piront.eu\/fr\/wp-json\/wp\/v2\/pages\/11946\/revisions\/12436"}],"wp:attachment":[{"href":"https:\/\/piront.eu\/fr\/wp-json\/wp\/v2\/media?parent=11946"}],"curies":[{"name":"wp","href":"https:\/\/api.w.org\/{rel}","templated":true}]}}