{"id":11952,"date":"2021-11-29T13:58:46","date_gmt":"2021-11-29T13:58:46","guid":{"rendered":"https:\/\/piront.eu\/?page_id=11952"},"modified":"2022-01-17T15:57:03","modified_gmt":"2022-01-17T15:57:03","slug":"service-zone-de-livraison","status":"publish","type":"page","link":"https:\/\/piront.eu\/fr\/service-zone-de-livraison\/","title":{"rendered":"Service &#038; zone de livraison"},"content":{"rendered":"\t\t<div data-elementor-type=\"wp-page\" data-elementor-id=\"11952\" class=\"elementor elementor-11952 elementor-9962\">\n\t\t\t\t<div class=\"mkdf-elementor-row mkdf-row-with-bg-pattern\" style=\"\">\t\t<section class=\"elementor-section elementor-top-section elementor-element elementor-element-a50048f mkdf-elementor-row-grid-section elementor-section-boxed elementor-section-height-default elementor-section-height-default mkdf-parallax-row-no mkdf-content-aligment-left mkdf-disabled-bg-image-bellow-no mkdf-row-btt-light\" data-id=\"a50048f\" data-element_type=\"section\" data-settings=\"{&quot;background_background&quot;:&quot;classic&quot;}\">\n\t\t\t\t\t\t<div class=\"elementor-container elementor-column-gap-default\">\n\t\t\t\t\t<div class=\"elementor-column elementor-col-50 elementor-top-column elementor-element elementor-element-ae28ab8\" data-id=\"ae28ab8\" data-element_type=\"column\">\n\t\t\t<div class=\"elementor-widget-wrap elementor-element-populated\">\n\t\t\t\t\t\t<div class=\"elementor-element elementor-element-b6a2eb7 elementor-widget elementor-widget-image\" data-id=\"b6a2eb7\" data-element_type=\"widget\" data-widget_type=\"image.default\">\n\t\t\t\t<div class=\"elementor-widget-container\">\n\t\t\t\t\t\t\t\t\t\t\t\t\t\t\t<img fetchpriority=\"high\" decoding=\"async\" width=\"1024\" height=\"576\" src=\"https:\/\/piront.eu\/wp-content\/uploads\/2021\/09\/8721902f-e5ef-4921-a2f5-e371f2b5f88e-1-1024x576.jpeg\" class=\"attachment-large size-large wp-image-11885\" alt=\"\" srcset=\"https:\/\/piront.eu\/wp-content\/uploads\/2021\/09\/8721902f-e5ef-4921-a2f5-e371f2b5f88e-1-1024x576.jpeg 1024w, https:\/\/piront.eu\/wp-content\/uploads\/2021\/09\/8721902f-e5ef-4921-a2f5-e371f2b5f88e-1-300x169.jpeg 300w, https:\/\/piront.eu\/wp-content\/uploads\/2021\/09\/8721902f-e5ef-4921-a2f5-e371f2b5f88e-1-600x338.jpeg 600w, https:\/\/piront.eu\/wp-content\/uploads\/2021\/09\/8721902f-e5ef-4921-a2f5-e371f2b5f88e-1-768x432.jpeg 768w, https:\/\/piront.eu\/wp-content\/uploads\/2021\/09\/8721902f-e5ef-4921-a2f5-e371f2b5f88e-1-1536x864.jpeg 1536w\" sizes=\"(max-width: 1024px) 100vw, 1024px\" \/>\t\t\t\t\t\t\t\t\t\t\t\t\t\t\t<\/div>\n\t\t\t\t<\/div>\n\t\t\t\t\t<\/div>\n\t\t<\/div>\n\t\t\t\t<div class=\"elementor-column elementor-col-50 elementor-top-column elementor-element elementor-element-a6f9b37\" data-id=\"a6f9b37\" data-element_type=\"column\">\n\t\t\t<div class=\"elementor-widget-wrap elementor-element-populated\">\n\t\t\t\t\t\t<div class=\"elementor-element elementor-element-73ff54c elementor-widget elementor-widget-mkdf_section_title\" data-id=\"73ff54c\" data-element_type=\"widget\" data-widget_type=\"mkdf_section_title.default\">\n\t\t\t\t<div class=\"elementor-widget-container\">\n\t\t\t\t\t<div class=\"mkdf-section-title-holder  mkdf-st-standard   \" >\n\t<div class=\"mkdf-st-inner\">\n                    <h6 class=\"mkdf-st-intro-title\" >\n                A. Piront &amp; Pirolux            <\/h6>\n        \t\t\t\t\t<h4 class=\"mkdf-st-title\" >\n\t\t\t\tChez nous le client est encore roi\t\t\t<\/h4>\n\t\t\t\t\t<\/div>\n<\/div>\t\t\t\t<\/div>\n\t\t\t\t<\/div>\n\t\t\t\t<div class=\"elementor-element elementor-element-5292c62 elementor-widget elementor-widget-text-editor\" data-id=\"5292c62\" data-element_type=\"widget\" data-widget_type=\"text-editor.default\">\n\t\t\t\t<div class=\"elementor-widget-container\">\n\t\t\t\t\t\t\t\t\t<p>De la planification au traitement en passant par la livraison, nous sommes \u00e0 votre disposition avec notre personnel experiment\u00e9.<\/p><p>Avec notre parc de v\u00e9hicules bien equip\u00e9, nous veillons \u00e0 ce que tout vous soit livr\u00e9 \u00e0 votre convenance. Nous sommes \u00e9quip\u00e9s des camions de grue ou de chariot \u00e9l\u00e9vateur tout terrain. Nous trouvons toujours une solution pour votre chantier. Mais nous n\u2019effectuons pas seulement des livraisons. Nous proposons \u00e9galement un service des travaux de grue et de montage.<\/p><p>Nous prenons les dimensions sur place pour les plafonds pr\u00e9fabriqu\u00e9s.<\/p><p>Et nous visitons vos chantier pour d\u00e9terminer la grue n\u00e9cessaire.<\/p>\t\t\t\t\t\t\t\t<\/div>\n\t\t\t\t<\/div>\n\t\t\t\t\t<\/div>\n\t\t<\/div>\n\t\t\t\t\t<\/div>\n\t\t<\/section>\n\t\t<div class=\"mkdf-row-background-pattern-holder\"><div class=\"mkdf-row-background-pattern-left\"><\/div><div class=\"mkdf-row-background-pattern-right\"><\/div><\/div><\/div>\t\t<section class=\"elementor-section elementor-top-section elementor-element elementor-element-6badfc0 elementor-section-boxed elementor-section-height-default elementor-section-height-default mkdf-parallax-row-no mkdf-content-aligment-left mkdf-elementor-row-grid-no mkdf-disabled-bg-image-bellow-no mkdf-row-btt-light\" data-id=\"6badfc0\" data-element_type=\"section\">\n\t\t\t\t\t\t<div class=\"elementor-container elementor-column-gap-default\">\n\t\t\t\t\t<div class=\"elementor-column elementor-col-100 elementor-top-column elementor-element elementor-element-5a00c32\" data-id=\"5a00c32\" data-element_type=\"column\">\n\t\t\t<div class=\"elementor-widget-wrap elementor-element-populated\">\n\t\t\t\t\t\t<div class=\"elementor-element elementor-element-4bde989 elementor-widget elementor-widget-mkdf_section_title\" data-id=\"4bde989\" data-element_type=\"widget\" data-widget_type=\"mkdf_section_title.default\">\n\t\t\t\t<div class=\"elementor-widget-container\">\n\t\t\t\t\t<div class=\"mkdf-section-title-holder  mkdf-st-standard   \" style=\"text-align: center\">\n\t<div class=\"mkdf-st-inner\">\n        \t\t\t\t\t<h4 class=\"mkdf-st-title\" >\n\t\t\t\tNotre zone de livraison\t\t\t<\/h4>\n\t\t\t\t\t<\/div>\n<\/div>\t\t\t\t<\/div>\n\t\t\t\t<\/div>\n\t\t\t\t<div class=\"elementor-element elementor-element-31212d9 elementor-widget elementor-widget-image\" data-id=\"31212d9\" data-element_type=\"widget\" data-widget_type=\"image.default\">\n\t\t\t\t<div class=\"elementor-widget-container\">\n\t\t\t\t\t\t\t\t\t\t\t\t\t\t\t<img decoding=\"async\" width=\"600\" height=\"497\" src=\"https:\/\/piront.eu\/wp-content\/uploads\/2021\/05\/lieferzonen_1.jpg\" class=\"attachment-large size-large wp-image-11741\" alt=\"\" srcset=\"https:\/\/piront.eu\/wp-content\/uploads\/2021\/05\/lieferzonen_1.jpg 600w, https:\/\/piront.eu\/wp-content\/uploads\/2021\/05\/lieferzonen_1-300x249.jpg 300w\" sizes=\"(max-width: 600px) 100vw, 600px\" \/>\t\t\t\t\t\t\t\t\t\t\t\t\t\t\t<\/div>\n\t\t\t\t<\/div>\n\t\t\t\t\t<\/div>\n\t\t<\/div>\n\t\t\t\t\t<\/div>\n\t\t<\/section>\n\t\t\t\t<section class=\"elementor-section elementor-top-section elementor-element elementor-element-e50cbae elementor-section-full_width elementor-section-height-default elementor-section-height-default mkdf-parallax-row-no mkdf-content-aligment-left mkdf-elementor-row-grid-no mkdf-disabled-bg-image-bellow-no mkdf-row-btt-light\" data-id=\"e50cbae\" data-element_type=\"section\">\n\t\t\t\t\t\t<div class=\"elementor-container elementor-column-gap-default\">\n\t\t\t\t\t<div class=\"elementor-column elementor-col-100 elementor-top-column elementor-element elementor-element-80506c9\" data-id=\"80506c9\" data-element_type=\"column\">\n\t\t\t<div class=\"elementor-widget-wrap elementor-element-populated\">\n\t\t\t\t\t\t<div class=\"elementor-element elementor-element-bdd475b elementor-widget elementor-widget-qi_addons_for_elementor_image_gallery\" data-id=\"bdd475b\" data-element_type=\"widget\" data-widget_type=\"qi_addons_for_elementor_image_gallery.default\">\n\t\t\t\t<div class=\"elementor-widget-container\">\n\t\t\t\t\t<div class=\"qodef-shortcode qodef-m qodef-qi-image-gallery qodef-qi-fslightbox-popup qodef-popup-gallery qodef-image--hover-zoom qodef-qi-grid qodef-layout--qi-columns qodef-col-num--5 qodef-responsive--predefined\">\n\t<div class=\"qodef-grid-inner\">\n\t\t<div class=\"qodef-e qodef-image-wrapper qodef-grid-item\">\n\t<div class=\"qodef-e-inner\">\n\t\t\t\t\t<a class=\"qodef-popup-item\" itemprop=\"image\" href=\"https:\/\/piront.eu\/wp-content\/uploads\/2021\/06\/piront-pirolux-lieferung3.jpg\" data-type=\"image\" data-fslightbox=\"gallery-377\">\n\t\t\t\t\t<img decoding=\"async\" src=\"https:\/\/piront.eu\/wp-content\/uploads\/2021\/06\/piront-pirolux-lieferung3-500x500.jpg\" alt=\"\" width=\"500\" height=\"500\" \/>\t\t\t\t\t<\/a>\n\t\t\t<\/div>\n<\/div>\n<div class=\"qodef-e qodef-image-wrapper qodef-grid-item\">\n\t<div class=\"qodef-e-inner\">\n\t\t\t\t\t<a class=\"qodef-popup-item\" itemprop=\"image\" href=\"https:\/\/piront.eu\/wp-content\/uploads\/2021\/06\/piront-pirolux-lieferung2.jpg\" data-type=\"image\" data-fslightbox=\"gallery-377\">\n\t\t\t\t\t<img loading=\"lazy\" decoding=\"async\" src=\"https:\/\/piront.eu\/wp-content\/uploads\/2021\/06\/piront-pirolux-lieferung2-500x500.jpg\" alt=\"\" width=\"500\" height=\"500\" \/>\t\t\t\t\t<\/a>\n\t\t\t<\/div>\n<\/div>\n<div class=\"qodef-e qodef-image-wrapper qodef-grid-item\">\n\t<div class=\"qodef-e-inner\">\n\t\t\t\t\t<a class=\"qodef-popup-item\" itemprop=\"image\" href=\"https:\/\/piront.eu\/wp-content\/uploads\/2021\/09\/IMG_20210401_120842-1-scaled.jpg\" data-type=\"image\" data-fslightbox=\"gallery-377\">\n\t\t\t\t\t<img loading=\"lazy\" decoding=\"async\" src=\"https:\/\/piront.eu\/wp-content\/uploads\/2021\/09\/IMG_20210401_120842-1-scaled-500x500.jpg\" alt=\"\" width=\"500\" height=\"500\" \/>\t\t\t\t\t<\/a>\n\t\t\t<\/div>\n<\/div>\n<div class=\"qodef-e qodef-image-wrapper qodef-grid-item\">\n\t<div class=\"qodef-e-inner\">\n\t\t\t\t\t<a class=\"qodef-popup-item\" itemprop=\"image\" href=\"https:\/\/piront.eu\/wp-content\/uploads\/2021\/09\/IMG_20210401_121117-1-scaled.jpg\" data-type=\"image\" data-fslightbox=\"gallery-377\">\n\t\t\t\t\t<img loading=\"lazy\" decoding=\"async\" src=\"https:\/\/piront.eu\/wp-content\/uploads\/2021\/09\/IMG_20210401_121117-1-scaled-500x500.jpg\" alt=\"\" width=\"500\" height=\"500\" \/>\t\t\t\t\t<\/a>\n\t\t\t<\/div>\n<\/div>\n<div class=\"qodef-e qodef-image-wrapper qodef-grid-item\">\n\t<div class=\"qodef-e-inner\">\n\t\t\t\t\t<a class=\"qodef-popup-item\" itemprop=\"image\" href=\"https:\/\/piront.eu\/wp-content\/uploads\/2021\/09\/IMG-20210409-WA0005.jpg\" data-type=\"image\" data-fslightbox=\"gallery-377\">\n\t\t\t\t\t<img loading=\"lazy\" decoding=\"async\" src=\"https:\/\/piront.eu\/wp-content\/uploads\/2021\/09\/IMG-20210409-WA0005-500x500.jpg\" alt=\"\" width=\"500\" height=\"500\" \/>\t\t\t\t\t<\/a>\n\t\t\t<\/div>\n<\/div>\n<div class=\"qodef-e qodef-image-wrapper qodef-grid-item\">\n\t<div class=\"qodef-e-inner\">\n\t\t\t\t\t<a class=\"qodef-popup-item\" itemprop=\"image\" href=\"https:\/\/piront.eu\/wp-content\/uploads\/2021\/09\/WhatsApp-Image-2021-08-31-at-08.41.56-2.jpeg\" data-type=\"image\" data-fslightbox=\"gallery-377\">\n\t\t\t\t\t<img loading=\"lazy\" decoding=\"async\" src=\"https:\/\/piront.eu\/wp-content\/uploads\/2021\/09\/WhatsApp-Image-2021-08-31-at-08.41.56-2-500x500.jpeg\" alt=\"\" width=\"500\" height=\"500\" \/>\t\t\t\t\t<\/a>\n\t\t\t<\/div>\n<\/div>\n<div class=\"qodef-e qodef-image-wrapper qodef-grid-item\">\n\t<div class=\"qodef-e-inner\">\n\t\t\t\t\t<a class=\"qodef-popup-item\" itemprop=\"image\" href=\"https:\/\/piront.eu\/wp-content\/uploads\/2021\/09\/IMG-20200127-WA0002.jpg\" data-type=\"image\" data-fslightbox=\"gallery-377\">\n\t\t\t\t\t<img loading=\"lazy\" decoding=\"async\" src=\"https:\/\/piront.eu\/wp-content\/uploads\/2021\/09\/IMG-20200127-WA0002-500x500.jpg\" alt=\"\" width=\"500\" height=\"500\" \/>\t\t\t\t\t<\/a>\n\t\t\t<\/div>\n<\/div>\n<div class=\"qodef-e qodef-image-wrapper qodef-grid-item\">\n\t<div class=\"qodef-e-inner\">\n\t\t\t\t\t<a class=\"qodef-popup-item\" itemprop=\"image\" href=\"https:\/\/piront.eu\/wp-content\/uploads\/2021\/09\/226f4e9d-ebd9-47b7-ba1c-04b971aeabb8.jpeg\" data-type=\"image\" data-fslightbox=\"gallery-377\">\n\t\t\t\t\t<img loading=\"lazy\" decoding=\"async\" src=\"https:\/\/piront.eu\/wp-content\/uploads\/2021\/09\/226f4e9d-ebd9-47b7-ba1c-04b971aeabb8-500x500.jpeg\" alt=\"\" width=\"500\" height=\"500\" \/>\t\t\t\t\t<\/a>\n\t\t\t<\/div>\n<\/div>\n<div class=\"qodef-e qodef-image-wrapper qodef-grid-item\">\n\t<div class=\"qodef-e-inner\">\n\t\t\t\t\t<a class=\"qodef-popup-item\" itemprop=\"image\" href=\"https:\/\/piront.eu\/wp-content\/uploads\/2021\/09\/1wgw-sfb.jpeg\" data-type=\"image\" data-fslightbox=\"gallery-377\">\n\t\t\t\t\t<img loading=\"lazy\" decoding=\"async\" src=\"https:\/\/piront.eu\/wp-content\/uploads\/2021\/09\/1wgw-sfb-500x500.jpeg\" alt=\"\" width=\"500\" height=\"500\" \/>\t\t\t\t\t<\/a>\n\t\t\t<\/div>\n<\/div>\n<div class=\"qodef-e qodef-image-wrapper qodef-grid-item\">\n\t<div class=\"qodef-e-inner\">\n\t\t\t\t\t<a class=\"qodef-popup-item\" itemprop=\"image\" href=\"https:\/\/piront.eu\/wp-content\/uploads\/2021\/09\/IMG-20200930-WA0002.jpg\" data-type=\"image\" data-fslightbox=\"gallery-377\">\n\t\t\t\t\t<img loading=\"lazy\" decoding=\"async\" src=\"https:\/\/piront.eu\/wp-content\/uploads\/2021\/09\/IMG-20200930-WA0002-500x500.jpg\" alt=\"\" width=\"500\" height=\"500\" \/>\t\t\t\t\t<\/a>\n\t\t\t<\/div>\n<\/div>\n\t<\/div>\n<\/div>\n\t\t\t\t<\/div>\n\t\t\t\t<\/div>\n\t\t\t\t\t<\/div>\n\t\t<\/div>\n\t\t\t\t\t<\/div>\n\t\t<\/section>\n\t\t\t\t<\/div>\n\t\t","protected":false},"excerpt":{"rendered":"<p>A. Piront &amp; Pirolux Chez nous le client est encore roi De la planification au traitement en passant par la livraison, nous sommes \u00e0 votre disposition avec notre personnel experiment\u00e9. Avec notre parc de v\u00e9hicules bien equip\u00e9, nous veillons \u00e0 [&hellip;]<\/p>\n","protected":false},"author":1,"featured_media":0,"parent":0,"menu_order":0,"comment_status":"closed","ping_status":"closed","template":"full-width.php","meta":{"_monsterinsights_skip_tracking":false,"_monsterinsights_sitenote_active":false,"_monsterinsights_sitenote_note":"","_monsterinsights_sitenote_category":0,"footnotes":""},"class_list":["post-11952","page","type-page","status-publish","hentry"],"_links":{"self":[{"href":"https:\/\/piront.eu\/fr\/wp-json\/wp\/v2\/pages\/11952","targetHints":{"allow":["GET"]}}],"collection":[{"href":"https:\/\/piront.eu\/fr\/wp-json\/wp\/v2\/pages"}],"about":[{"href":"https:\/\/piront.eu\/fr\/wp-json\/wp\/v2\/types\/page"}],"author":[{"embeddable":true,"href":"https:\/\/piront.eu\/fr\/wp-json\/wp\/v2\/users\/1"}],"replies":[{"embeddable":true,"href":"https:\/\/piront.eu\/fr\/wp-json\/wp\/v2\/comments?post=11952"}],"version-history":[{"count":10,"href":"https:\/\/piront.eu\/fr\/wp-json\/wp\/v2\/pages\/11952\/revisions"}],"predecessor-version":[{"id":12564,"href":"https:\/\/piront.eu\/fr\/wp-json\/wp\/v2\/pages\/11952\/revisions\/12564"}],"wp:attachment":[{"href":"https:\/\/piront.eu\/fr\/wp-json\/wp\/v2\/media?parent=11952"}],"curies":[{"name":"wp","href":"https:\/\/api.w.org\/{rel}","templated":true}]}}