{"id":11954,"date":"2021-11-29T14:00:22","date_gmt":"2021-11-29T14:00:22","guid":{"rendered":"https:\/\/piront.eu\/?page_id=11954"},"modified":"2024-01-29T08:40:47","modified_gmt":"2024-01-29T08:40:47","slug":"commerce-de-lacier","status":"publish","type":"page","link":"https:\/\/piront.eu\/fr\/commerce-de-lacier\/","title":{"rendered":"Commerce de l&rsquo;acier"},"content":{"rendered":"\t\t<div data-elementor-type=\"wp-page\" data-elementor-id=\"11954\" class=\"elementor elementor-11954 elementor-10048\">\n\t\t\t\t\t\t<section class=\"elementor-section elementor-top-section elementor-element elementor-element-e92022f elementor-section-boxed elementor-section-height-default elementor-section-height-default mkdf-parallax-row-no mkdf-content-aligment-left mkdf-elementor-row-grid-no mkdf-disabled-bg-image-bellow-no mkdf-row-btt-light\" data-id=\"e92022f\" data-element_type=\"section\">\n\t\t\t\t\t\t<div class=\"elementor-container elementor-column-gap-default\">\n\t\t\t\t\t<div class=\"elementor-column elementor-col-100 elementor-top-column elementor-element elementor-element-1483489\" data-id=\"1483489\" data-element_type=\"column\">\n\t\t\t<div class=\"elementor-widget-wrap elementor-element-populated\">\n\t\t\t\t\t\t<div class=\"elementor-element elementor-element-c1d3647 elementor-widget elementor-widget-spacer\" data-id=\"c1d3647\" data-element_type=\"widget\" data-widget_type=\"spacer.default\">\n\t\t\t\t<div class=\"elementor-widget-container\">\n\t\t\t\t\t\t\t<div class=\"elementor-spacer\">\n\t\t\t<div class=\"elementor-spacer-inner\"><\/div>\n\t\t<\/div>\n\t\t\t\t\t\t<\/div>\n\t\t\t\t<\/div>\n\t\t\t\t\t<\/div>\n\t\t<\/div>\n\t\t\t\t\t<\/div>\n\t\t<\/section>\n\t\t\t\t<section class=\"elementor-section elementor-top-section elementor-element elementor-element-68c8280 elementor-section-boxed elementor-section-height-default elementor-section-height-default mkdf-parallax-row-no mkdf-content-aligment-left mkdf-elementor-row-grid-no mkdf-disabled-bg-image-bellow-no mkdf-row-btt-light\" data-id=\"68c8280\" data-element_type=\"section\">\n\t\t\t\t\t\t<div class=\"elementor-container elementor-column-gap-default\">\n\t\t\t\t\t<div class=\"elementor-column elementor-col-50 elementor-top-column elementor-element elementor-element-6b5ada8\" data-id=\"6b5ada8\" data-element_type=\"column\">\n\t\t\t<div class=\"elementor-widget-wrap elementor-element-populated\">\n\t\t\t\t\t\t<div class=\"elementor-element elementor-element-acc0415 elementor-widget elementor-widget-text-editor\" data-id=\"acc0415\" data-element_type=\"widget\" data-widget_type=\"text-editor.default\">\n\t\t\t\t<div class=\"elementor-widget-container\">\n\t\t\t\t\t\t\t\t\t<p><strong>Acier<\/strong><\/p><p><strong>Notre gamme comprend:<\/strong><\/p><ul><li>rond \u00e0 b\u00e9ton de 6, 8, 10, 12, 14, 16, 18, 20, 22 et 24 mm diam\u00e8tre<\/li><li>poutrelles en H noires ou pr\u00e9-peintes<\/li><li>poutrelles en L pr\u00e9-peintes ou galvanis\u00e9es.<\/li><li>tubes<\/li><li>\u00e9carteurs en acier, plastique ou b\u00e9ton<\/li><li>treillis en acier<\/li><\/ul><p>Nous coupons, forons et travaillons l&rsquo;acier selon les desideratas du client.<br \/>Nous pouvons, soit appliquer une peinture anti-rouille \u00e0 l&rsquo;acier, nous le faire galvaniser.<\/p>\t\t\t\t\t\t\t\t<\/div>\n\t\t\t\t<\/div>\n\t\t\t\t\t<\/div>\n\t\t<\/div>\n\t\t\t\t<div class=\"elementor-column elementor-col-50 elementor-top-column elementor-element elementor-element-d7c8ead\" data-id=\"d7c8ead\" data-element_type=\"column\">\n\t\t\t<div class=\"elementor-widget-wrap elementor-element-populated\">\n\t\t\t\t\t\t<div class=\"elementor-element elementor-element-19a7e81 animated-slow elementor-invisible elementor-widget elementor-widget-video\" data-id=\"19a7e81\" data-element_type=\"widget\" data-settings=\"{&quot;video_type&quot;:&quot;hosted&quot;,&quot;autoplay&quot;:&quot;yes&quot;,&quot;play_on_mobile&quot;:&quot;yes&quot;,&quot;mute&quot;:&quot;yes&quot;,&quot;_animation&quot;:&quot;slideInUp&quot;,&quot;_animation_mobile&quot;:&quot;fadeInUp&quot;,&quot;controls&quot;:&quot;yes&quot;}\" data-widget_type=\"video.default\">\n\t\t\t\t<div class=\"elementor-widget-container\">\n\t\t\t\t\t\t\t<div class=\"e-hosted-video elementor-wrapper elementor-open-inline\">\n\t\t\t\t\t<video class=\"elementor-video\" src=\"https:\/\/piront.eu\/wp-content\/uploads\/2021\/09\/WhatsApp-Video-2021-09-21-at-14.15.27.mp4\" autoplay=\"\" controls=\"\" muted=\"muted\" playsinline=\"\" controlsList=\"nodownload\"><\/video>\n\t\t\t\t<\/div>\n\t\t\t\t\t\t<\/div>\n\t\t\t\t<\/div>\n\t\t\t\t\t<\/div>\n\t\t<\/div>\n\t\t\t\t\t<\/div>\n\t\t<\/section>\n\t\t\t\t<section class=\"elementor-section elementor-top-section elementor-element elementor-element-04e6d4c elementor-section-boxed elementor-section-height-default elementor-section-height-default mkdf-parallax-row-no mkdf-content-aligment-left mkdf-elementor-row-grid-no mkdf-disabled-bg-image-bellow-no mkdf-row-btt-light\" data-id=\"04e6d4c\" data-element_type=\"section\">\n\t\t\t\t\t\t<div class=\"elementor-container elementor-column-gap-default\">\n\t\t\t\t\t<div class=\"elementor-column elementor-col-100 elementor-top-column elementor-element elementor-element-b6ce850\" data-id=\"b6ce850\" data-element_type=\"column\">\n\t\t\t<div class=\"elementor-widget-wrap elementor-element-populated\">\n\t\t\t\t\t\t<div class=\"elementor-element elementor-element-2713fd2 elementor-widget elementor-widget-spacer\" data-id=\"2713fd2\" data-element_type=\"widget\" data-widget_type=\"spacer.default\">\n\t\t\t\t<div class=\"elementor-widget-container\">\n\t\t\t\t\t\t\t<div class=\"elementor-spacer\">\n\t\t\t<div class=\"elementor-spacer-inner\"><\/div>\n\t\t<\/div>\n\t\t\t\t\t\t<\/div>\n\t\t\t\t<\/div>\n\t\t\t\t\t<\/div>\n\t\t<\/div>\n\t\t\t\t\t<\/div>\n\t\t<\/section>\n\t\t\t\t<section class=\"elementor-section elementor-top-section elementor-element elementor-element-0571ae4 elementor-section-boxed elementor-section-height-default elementor-section-height-default mkdf-parallax-row-no mkdf-content-aligment-left mkdf-elementor-row-grid-no mkdf-disabled-bg-image-bellow-no mkdf-row-btt-light\" data-id=\"0571ae4\" data-element_type=\"section\" data-settings=\"{&quot;background_background&quot;:&quot;classic&quot;}\">\n\t\t\t\t\t\t<div class=\"elementor-container elementor-column-gap-default\">\n\t\t\t\t\t<div class=\"elementor-column elementor-col-50 elementor-top-column elementor-element elementor-element-223f1f8\" data-id=\"223f1f8\" data-element_type=\"column\">\n\t\t\t<div class=\"elementor-widget-wrap\">\n\t\t\t\t\t\t\t<\/div>\n\t\t<\/div>\n\t\t\t\t<div class=\"elementor-column elementor-col-50 elementor-top-column elementor-element elementor-element-1ada887\" data-id=\"1ada887\" data-element_type=\"column\" data-settings=\"{&quot;background_background&quot;:&quot;classic&quot;}\">\n\t\t\t<div class=\"elementor-widget-wrap elementor-element-populated\">\n\t\t\t\t\t\t<div class=\"elementor-element elementor-element-189c7ab elementor-widget elementor-widget-mkdf_section_title\" data-id=\"189c7ab\" data-element_type=\"widget\" data-widget_type=\"mkdf_section_title.default\">\n\t\t\t\t<div class=\"elementor-widget-container\">\n\t\t\t\t\t<div class=\"mkdf-section-title-holder  mkdf-st-standard   \" >\n\t<div class=\"mkdf-st-inner\">\n        \t\t\t\t\t\t\t<h4 class=\"mkdf-st-text\" style=\"color: #FFFDFD;line-height: 40px\">\n\t\t\t\tVous n'avez pas trouv\u00e9 le produit souhait\u00e9?\t\t\t<\/h4>\n\t\t\t<\/div>\n<\/div>\t\t\t\t<\/div>\n\t\t\t\t<\/div>\n\t\t\t\t<div class=\"elementor-element elementor-element-726208e elementor-widget elementor-widget-mkdf_separator\" data-id=\"726208e\" data-element_type=\"widget\" data-widget_type=\"mkdf_separator.default\">\n\t\t\t\t<div class=\"elementor-widget-container\">\n\t\t\t\t\t<div class=\"mkdf-separator-holder clearfix  mkdf-separator-center mkdf-separator-normal\">\n\t<div class=\"mkdf-separator\" style=\"border-color: #FFFFFF;border-bottom-width: 1px\"><\/div>\n<\/div>\n\t\t\t\t<\/div>\n\t\t\t\t<\/div>\n\t\t\t\t<div class=\"elementor-element elementor-element-1c75076 elementor-widget elementor-widget-mkdf_button\" data-id=\"1c75076\" data-element_type=\"widget\" data-widget_type=\"mkdf_button.default\">\n\t\t\t\t<div class=\"elementor-widget-container\">\n\t\t\t\t\t<a itemprop=\"url\" href=\"https:\/\/piront.eu\/kontakt-emmels\/\" target=\"_self\" style=\"font-weight: 800;padding: \" class=\"mkdf-btn mkdf-btn-medium mkdf-btn-simple\"  0=\"font-weight: 800\" 1=\"padding: \">\n    <span class=\"mkdf-btn-text\">Contactez-nous<\/span>\n    <\/a>\t\t\t\t<\/div>\n\t\t\t\t<\/div>\n\t\t\t\t\t<\/div>\n\t\t<\/div>\n\t\t\t\t\t<\/div>\n\t\t<\/section>\n\t\t\t\t<\/div>\n\t\t","protected":false},"excerpt":{"rendered":"<p>Acier Notre gamme comprend: rond \u00e0 b\u00e9ton de 6, 8, 10, 12, 14, 16, 18, 20, 22 et 24 mm diam\u00e8tre poutrelles en H noires ou pr\u00e9-peintes poutrelles en L pr\u00e9-peintes ou galvanis\u00e9es. tubes \u00e9carteurs en acier, plastique ou b\u00e9ton [&hellip;]<\/p>\n","protected":false},"author":1,"featured_media":0,"parent":0,"menu_order":0,"comment_status":"closed","ping_status":"closed","template":"full-width.php","meta":{"_monsterinsights_skip_tracking":false,"_monsterinsights_sitenote_active":false,"_monsterinsights_sitenote_note":"","_monsterinsights_sitenote_category":0,"footnotes":""},"class_list":["post-11954","page","type-page","status-publish","hentry"],"_links":{"self":[{"href":"https:\/\/piront.eu\/fr\/wp-json\/wp\/v2\/pages\/11954","targetHints":{"allow":["GET"]}}],"collection":[{"href":"https:\/\/piront.eu\/fr\/wp-json\/wp\/v2\/pages"}],"about":[{"href":"https:\/\/piront.eu\/fr\/wp-json\/wp\/v2\/types\/page"}],"author":[{"embeddable":true,"href":"https:\/\/piront.eu\/fr\/wp-json\/wp\/v2\/users\/1"}],"replies":[{"embeddable":true,"href":"https:\/\/piront.eu\/fr\/wp-json\/wp\/v2\/comments?post=11954"}],"version-history":[{"count":64,"href":"https:\/\/piront.eu\/fr\/wp-json\/wp\/v2\/pages\/11954\/revisions"}],"predecessor-version":[{"id":14560,"href":"https:\/\/piront.eu\/fr\/wp-json\/wp\/v2\/pages\/11954\/revisions\/14560"}],"wp:attachment":[{"href":"https:\/\/piront.eu\/fr\/wp-json\/wp\/v2\/media?parent=11954"}],"curies":[{"name":"wp","href":"https:\/\/api.w.org\/{rel}","templated":true}]}}