{"id":12812,"date":"2022-04-05T07:24:06","date_gmt":"2022-04-05T07:24:06","guid":{"rendered":"https:\/\/piront.eu\/?page_id=12812"},"modified":"2022-04-07T12:12:58","modified_gmt":"2022-04-07T12:12:58","slug":"nettoyage-entretien","status":"publish","type":"page","link":"https:\/\/piront.eu\/fr\/nettoyage-entretien\/","title":{"rendered":"Nettoyage &#038; entretien"},"content":{"rendered":"\t\t<div data-elementor-type=\"wp-page\" data-elementor-id=\"12812\" class=\"elementor elementor-12812 elementor-12746\">\n\t\t\t\t\t\t<section class=\"elementor-section elementor-top-section elementor-element elementor-element-e92022f elementor-section-boxed elementor-section-height-default elementor-section-height-default mkdf-parallax-row-no mkdf-content-aligment-left mkdf-elementor-row-grid-no mkdf-disabled-bg-image-bellow-no mkdf-row-btt-light\" data-id=\"e92022f\" data-element_type=\"section\">\n\t\t\t\t\t\t<div class=\"elementor-container elementor-column-gap-default\">\n\t\t\t\t\t<div class=\"elementor-column elementor-col-100 elementor-top-column elementor-element elementor-element-1483489\" data-id=\"1483489\" data-element_type=\"column\">\n\t\t\t<div class=\"elementor-widget-wrap elementor-element-populated\">\n\t\t\t\t\t\t<div class=\"elementor-element elementor-element-c1d3647 elementor-widget elementor-widget-spacer\" data-id=\"c1d3647\" data-element_type=\"widget\" data-widget_type=\"spacer.default\">\n\t\t\t\t<div class=\"elementor-widget-container\">\n\t\t\t\t\t\t\t<div class=\"elementor-spacer\">\n\t\t\t<div class=\"elementor-spacer-inner\"><\/div>\n\t\t<\/div>\n\t\t\t\t\t\t<\/div>\n\t\t\t\t<\/div>\n\t\t\t\t\t<\/div>\n\t\t<\/div>\n\t\t\t\t\t<\/div>\n\t\t<\/section>\n\t\t\t\t<section class=\"elementor-section elementor-top-section elementor-element elementor-element-e95fa15 elementor-section-boxed elementor-section-height-default elementor-section-height-default mkdf-parallax-row-no mkdf-content-aligment-left mkdf-elementor-row-grid-no mkdf-disabled-bg-image-bellow-no mkdf-row-btt-light\" data-id=\"e95fa15\" data-element_type=\"section\">\n\t\t\t\t\t\t<div class=\"elementor-container elementor-column-gap-default\">\n\t\t\t\t\t<div class=\"elementor-column elementor-col-50 elementor-top-column elementor-element elementor-element-8f6d1e7\" data-id=\"8f6d1e7\" data-element_type=\"column\">\n\t\t\t<div class=\"elementor-widget-wrap elementor-element-populated\">\n\t\t\t\t\t\t<div class=\"elementor-element elementor-element-5141431 elementor-widget elementor-widget-qi_addons_for_elementor_accordion\" data-id=\"5141431\" data-element_type=\"widget\" data-widget_type=\"qi_addons_for_elementor_accordion.default\">\n\t\t\t\t<div class=\"elementor-widget-container\">\n\t\t\t\t\t<div class=\"qodef-shortcode qodef-m qodef-qi-accordion qodef-qi-clear qodef-behavior--toggle qodef-layout--simple qodef-style--border-between\">\n\t<h4 class=\"qodef-e-title-holder\">\n\t<span class=\"qodef-e-title\">Elimination des moisissures<\/span>\n\t<span class=\"qodef-e-mark\">\n\t\t<span class=\"qodef-icon--plus\">\n\t\t\t\t<span class=\"qodef-e-icon\">\n\t\t<i aria-hidden=\"true\" class=\"fas fa-plus\"><\/i>\t<\/span>\n\t\t\t<\/span>\n\t\t<span class=\"qodef-icon--minus\">\n\t\t\t\t<span class=\"qodef-e-icon\">\n\t\t<i aria-hidden=\"true\" class=\"fas fa-minus\"><\/i>\t<\/span>\n\t\t\t<\/span>\n\t<\/span>\n<\/h4>\n<div class=\"qodef-e-content\">\n\t<div class=\"qodef-e-content-inner\">\n\t\t<div class=\"news_komplett\"><div class=\"newsinhalt\"><div class=\"newsintro\"><p>Notre tueur de moisissures et de spores tue de mani\u00e8re permanente les moisissures, les spores de moisissures et les bact\u00e9ries et facilite l'\u00e9limination m\u00e9canique ult\u00e9rieure.<\/p><\/div><\/div><\/div>\t<\/div>\n<\/div>\n<h4 class=\"qodef-e-title-holder\">\n\t<span class=\"qodef-e-title\">Nettoyage<\/span>\n\t<span class=\"qodef-e-mark\">\n\t\t<span class=\"qodef-icon--plus\">\n\t\t\t\t<span class=\"qodef-e-icon\">\n\t\t<i aria-hidden=\"true\" class=\"fas fa-plus\"><\/i>\t<\/span>\n\t\t\t<\/span>\n\t\t<span class=\"qodef-icon--minus\">\n\t\t\t\t<span class=\"qodef-e-icon\">\n\t\t<i aria-hidden=\"true\" class=\"fas fa-minus\"><\/i>\t<\/span>\n\t\t\t<\/span>\n\t<\/span>\n<\/h4>\n<div class=\"qodef-e-content\">\n\t<div class=\"qodef-e-content-inner\">\n\t\t<p>Pour la pierre naturelle, les carrelages en c\u00e9ramiqye ou les produits en b\u00e9ton, nous avons dans notre gamme des produits de nettoyage pour l'int\u00e9rieur et l'ext\u00e9rieur. Si vous recherchez\u00a0 des nettoyants v\u00e9gan respectueux de l'environnement, qui sont \u00e9galement hypoallerg\u00e9niques et sans OGM, vous les trouverez chez nous.<\/p>\t<\/div>\n<\/div>\n<\/div>\n\t\t\t\t<\/div>\n\t\t\t\t<\/div>\n\t\t\t\t\t<\/div>\n\t\t<\/div>\n\t\t\t\t<div class=\"elementor-column elementor-col-50 elementor-top-column elementor-element elementor-element-0518fcc\" data-id=\"0518fcc\" data-element_type=\"column\">\n\t\t\t<div class=\"elementor-widget-wrap elementor-element-populated\">\n\t\t\t\t\t\t<div class=\"elementor-element elementor-element-2b1dc09 elementor-widget elementor-widget-qi_addons_for_elementor_accordion\" data-id=\"2b1dc09\" data-element_type=\"widget\" data-widget_type=\"qi_addons_for_elementor_accordion.default\">\n\t\t\t\t<div class=\"elementor-widget-container\">\n\t\t\t\t\t<div class=\"qodef-shortcode qodef-m qodef-qi-accordion qodef-qi-clear qodef-behavior--toggle qodef-layout--simple qodef-style--border-between\">\n\t<h4 class=\"qodef-e-title-holder\">\n\t<span class=\"qodef-e-title\">Protection<\/span>\n\t<span class=\"qodef-e-mark\">\n\t\t<span class=\"qodef-icon--plus\">\n\t\t\t\t<span class=\"qodef-e-icon\">\n\t\t<i aria-hidden=\"true\" class=\"fas fa-plus\"><\/i>\t<\/span>\n\t\t\t<\/span>\n\t\t<span class=\"qodef-icon--minus\">\n\t\t\t\t<span class=\"qodef-e-icon\">\n\t\t<i aria-hidden=\"true\" class=\"fas fa-minus\"><\/i>\t<\/span>\n\t\t\t<\/span>\n\t<\/span>\n<\/h4>\n<div class=\"qodef-e-content\">\n\t<div class=\"qodef-e-content-inner\">\n\t\t<p>Certains produits de notre gamme sont utilis\u00e9s pour l'impr\u00e9gnation, la mise en coleur et l'\u00e9tanch\u00e9it\u00e9 des surfaces. Un traitement protecteur rend la surface plus facile d'entretien et moins sensible aux taches.<\/p>\t<\/div>\n<\/div>\n<h4 class=\"qodef-e-title-holder\">\n\t<span class=\"qodef-e-title\">Le soin<\/span>\n\t<span class=\"qodef-e-mark\">\n\t\t<span class=\"qodef-icon--plus\">\n\t\t\t\t<span class=\"qodef-e-icon\">\n\t\t<i aria-hidden=\"true\" class=\"fas fa-plus\"><\/i>\t<\/span>\n\t\t\t<\/span>\n\t\t<span class=\"qodef-icon--minus\">\n\t\t\t\t<span class=\"qodef-e-icon\">\n\t\t<i aria-hidden=\"true\" class=\"fas fa-minus\"><\/i>\t<\/span>\n\t\t\t<\/span>\n\t<\/span>\n<\/h4>\n<div class=\"qodef-e-content\">\n\t<div class=\"qodef-e-content-inner\">\n\t\t<div class=\"news_komplett\"><div class=\"newsinhalt\"><div class=\"newsintro\"><p>Pour l'entretien de divers mat\u00e9riaux, vous trouverez \u00e9galement de la cire brillante dure dans notre gamme.<\/p><\/div><\/div><\/div>\t<\/div>\n<\/div>\n<\/div>\n\t\t\t\t<\/div>\n\t\t\t\t<\/div>\n\t\t\t\t\t<\/div>\n\t\t<\/div>\n\t\t\t\t\t<\/div>\n\t\t<\/section>\n\t\t\t\t<section class=\"elementor-section elementor-top-section elementor-element elementor-element-04e6d4c elementor-section-boxed elementor-section-height-default elementor-section-height-default mkdf-parallax-row-no mkdf-content-aligment-left mkdf-elementor-row-grid-no mkdf-disabled-bg-image-bellow-no mkdf-row-btt-light\" data-id=\"04e6d4c\" data-element_type=\"section\">\n\t\t\t\t\t\t<div class=\"elementor-container elementor-column-gap-default\">\n\t\t\t\t\t<div class=\"elementor-column elementor-col-100 elementor-top-column elementor-element elementor-element-b6ce850\" data-id=\"b6ce850\" data-element_type=\"column\">\n\t\t\t<div class=\"elementor-widget-wrap elementor-element-populated\">\n\t\t\t\t\t\t<div class=\"elementor-element elementor-element-2713fd2 elementor-widget elementor-widget-spacer\" data-id=\"2713fd2\" data-element_type=\"widget\" data-widget_type=\"spacer.default\">\n\t\t\t\t<div class=\"elementor-widget-container\">\n\t\t\t\t\t\t\t<div class=\"elementor-spacer\">\n\t\t\t<div class=\"elementor-spacer-inner\"><\/div>\n\t\t<\/div>\n\t\t\t\t\t\t<\/div>\n\t\t\t\t<\/div>\n\t\t\t\t\t<\/div>\n\t\t<\/div>\n\t\t\t\t\t<\/div>\n\t\t<\/section>\n\t\t\t\t<section class=\"elementor-section elementor-top-section elementor-element elementor-element-ec53f49 elementor-section-boxed elementor-section-height-default elementor-section-height-default mkdf-parallax-row-no mkdf-content-aligment-left mkdf-elementor-row-grid-no mkdf-disabled-bg-image-bellow-no mkdf-row-btt-light\" data-id=\"ec53f49\" data-element_type=\"section\">\n\t\t\t\t\t\t<div class=\"elementor-container elementor-column-gap-default\">\n\t\t\t\t\t<div class=\"elementor-column elementor-col-100 elementor-top-column elementor-element elementor-element-c313d1a\" data-id=\"c313d1a\" data-element_type=\"column\">\n\t\t\t<div class=\"elementor-widget-wrap elementor-element-populated\">\n\t\t\t\t\t\t<div class=\"elementor-element elementor-element-b8b9732 elementor-widget elementor-widget-heading\" data-id=\"b8b9732\" data-element_type=\"widget\" data-widget_type=\"heading.default\">\n\t\t\t\t<div class=\"elementor-widget-container\">\n\t\t\t\t\t<h4 class=\"elementor-heading-title elementor-size-default\">Nos partenaires:<\/h4>\t\t\t\t<\/div>\n\t\t\t\t<\/div>\n\t\t\t\t\t<\/div>\n\t\t<\/div>\n\t\t\t\t\t<\/div>\n\t\t<\/section>\n\t\t\t\t<section class=\"elementor-section elementor-top-section elementor-element elementor-element-a8009f6 elementor-section-boxed elementor-section-height-default elementor-section-height-default mkdf-parallax-row-no mkdf-content-aligment-left mkdf-elementor-row-grid-no mkdf-disabled-bg-image-bellow-no mkdf-row-btt-light\" data-id=\"a8009f6\" data-element_type=\"section\">\n\t\t\t\t\t\t<div class=\"elementor-container elementor-column-gap-default\">\n\t\t\t\t\t<div class=\"elementor-column elementor-col-100 elementor-top-column elementor-element elementor-element-6962f96\" data-id=\"6962f96\" data-element_type=\"column\">\n\t\t\t<div class=\"elementor-widget-wrap\">\n\t\t\t\t\t\t\t<\/div>\n\t\t<\/div>\n\t\t\t\t\t<\/div>\n\t\t<\/section>\n\t\t\t\t<section class=\"elementor-section elementor-top-section elementor-element elementor-element-465f65a elementor-section-boxed elementor-section-height-default elementor-section-height-default mkdf-parallax-row-no mkdf-content-aligment-left mkdf-elementor-row-grid-no mkdf-disabled-bg-image-bellow-no mkdf-row-btt-light\" data-id=\"465f65a\" data-element_type=\"section\">\n\t\t\t\t\t\t<div class=\"elementor-container elementor-column-gap-default\">\n\t\t\t\t\t<div class=\"elementor-column elementor-col-100 elementor-top-column elementor-element elementor-element-2b05e89\" data-id=\"2b05e89\" data-element_type=\"column\">\n\t\t\t<div class=\"elementor-widget-wrap elementor-element-populated\">\n\t\t\t\t\t\t<div class=\"elementor-element elementor-element-2e73fdd elementor-widget elementor-widget-qi_addons_for_elementor_clients_list\" data-id=\"2e73fdd\" data-element_type=\"widget\" data-widget_type=\"qi_addons_for_elementor_clients_list.default\">\n\t\t\t\t<div class=\"elementor-widget-container\">\n\t\t\t\t\t<div class=\"qodef-shortcode qodef-m qodef-qi-clients-list qodef-border--inner qodef--hover-scale qodef-qi-grid qodef-layout--qi-columns qodef-col-num--8 qodef-responsive--custom qodef-col-num--1680--3 qodef-col-num--1440--8 qodef-col-num--1366--8 qodef-col-num--1024--3 qodef-col-num--768--3 qodef-col-num--680--3 qodef-col-num--480--2\">\n\t<div class=\"qodef-grid-inner\">\n\t\t<div class=\"qodef-e qodef-grid-item\">\n\t<div class=\"qodef-e-inner\">\n\t\t\t\t<div class=\"qodef-e-images-holder\">\n\t\t\t\t\t\t\t<div class=\"qodef-e-main-image\">\n\t\t\t\t\t<img fetchpriority=\"high\" decoding=\"async\" width=\"404\" height=\"220\" src=\"https:\/\/piront.eu\/wp-content\/uploads\/2022\/04\/piront-pirolux-redstone.jpg\" class=\"attachment-full size-full\" alt=\"\" srcset=\"https:\/\/piront.eu\/wp-content\/uploads\/2022\/04\/piront-pirolux-redstone.jpg 404w, https:\/\/piront.eu\/wp-content\/uploads\/2022\/04\/piront-pirolux-redstone-300x163.jpg 300w\" sizes=\"(max-width: 404px) 100vw, 404px\" \/>\t\t\t\t<\/div>\n\t\t\t\t\t\t\t\t<\/div>\n\t\t\t\t\t\t\t\t\t<\/div>\n<\/div>\n<div class=\"qodef-e qodef-grid-item\">\n\t<div class=\"qodef-e-inner\">\n\t\t\t\t<div class=\"qodef-e-images-holder\">\n\t\t\t\t\t\t\t<div class=\"qodef-e-main-image\">\n\t\t\t\t\t<img decoding=\"async\" width=\"404\" height=\"220\" src=\"https:\/\/piront.eu\/wp-content\/uploads\/2022\/04\/piront-pirolux-lithofin.jpg\" class=\"attachment-full size-full\" alt=\"\" srcset=\"https:\/\/piront.eu\/wp-content\/uploads\/2022\/04\/piront-pirolux-lithofin.jpg 404w, https:\/\/piront.eu\/wp-content\/uploads\/2022\/04\/piront-pirolux-lithofin-300x163.jpg 300w\" sizes=\"(max-width: 404px) 100vw, 404px\" \/>\t\t\t\t<\/div>\n\t\t\t\t\t\t\t\t<\/div>\n\t\t\t\t\t\t\t\t\t<\/div>\n<\/div>\n<div class=\"qodef-e qodef-grid-item\">\n\t<div class=\"qodef-e-inner\">\n\t\t\t\t<div class=\"qodef-e-images-holder\">\n\t\t\t\t\t\t\t<div class=\"qodef-e-main-image\">\n\t\t\t\t\t<img decoding=\"async\" width=\"404\" height=\"220\" src=\"https:\/\/piront.eu\/wp-content\/uploads\/2022\/04\/piront-pirolux-labomd.jpg\" class=\"attachment-full size-full\" alt=\"\" srcset=\"https:\/\/piront.eu\/wp-content\/uploads\/2022\/04\/piront-pirolux-labomd.jpg 404w, https:\/\/piront.eu\/wp-content\/uploads\/2022\/04\/piront-pirolux-labomd-300x163.jpg 300w\" sizes=\"(max-width: 404px) 100vw, 404px\" \/>\t\t\t\t<\/div>\n\t\t\t\t\t\t\t\t<\/div>\n\t\t\t\t\t\t\t\t\t<\/div>\n<\/div>\n<div class=\"qodef-e qodef-grid-item\">\n\t<div class=\"qodef-e-inner\">\n\t\t\t\t<div class=\"qodef-e-images-holder\">\n\t\t\t\t\t\t\t<div class=\"qodef-e-main-image\">\n\t\t\t\t\t<img loading=\"lazy\" decoding=\"async\" width=\"404\" height=\"220\" src=\"https:\/\/piront.eu\/wp-content\/uploads\/2021\/06\/piront-pirolux-claytec.jpg\" class=\"attachment-full size-full\" alt=\"\" srcset=\"https:\/\/piront.eu\/wp-content\/uploads\/2021\/06\/piront-pirolux-claytec.jpg 404w, https:\/\/piront.eu\/wp-content\/uploads\/2021\/06\/piront-pirolux-claytec-300x163.jpg 300w\" sizes=\"(max-width: 404px) 100vw, 404px\" \/>\t\t\t\t<\/div>\n\t\t\t\t\t\t\t\t<\/div>\n\t\t\t\t\t\t\t\t\t<\/div>\n<\/div>\n<div class=\"qodef-e qodef-grid-item\">\n\t<div class=\"qodef-e-inner\">\n\t\t\t\t<div class=\"qodef-e-images-holder\">\n\t\t\t\t\t\t\t<div class=\"qodef-e-main-image\">\n\t\t\t\t\t<img loading=\"lazy\" decoding=\"async\" width=\"404\" height=\"220\" src=\"https:\/\/piront.eu\/wp-content\/uploads\/2021\/06\/piront-pirolux-weber.jpg\" class=\"attachment-full size-full\" alt=\"\" srcset=\"https:\/\/piront.eu\/wp-content\/uploads\/2021\/06\/piront-pirolux-weber.jpg 404w, https:\/\/piront.eu\/wp-content\/uploads\/2021\/06\/piront-pirolux-weber-300x163.jpg 300w\" sizes=\"(max-width: 404px) 100vw, 404px\" \/>\t\t\t\t<\/div>\n\t\t\t\t\t\t\t\t<\/div>\n\t\t\t\t\t\t\t\t\t<\/div>\n<\/div>\n<div class=\"qodef-e qodef-grid-item\">\n\t<div class=\"qodef-e-inner\">\n\t\t\t\t<div class=\"qodef-e-images-holder\">\n\t\t\t\t\t\t\t<div class=\"qodef-e-main-image\">\n\t\t\t\t\t<img loading=\"lazy\" decoding=\"async\" width=\"404\" height=\"220\" src=\"https:\/\/piront.eu\/wp-content\/uploads\/2021\/06\/piront-pirolux-vielemehr.jpg\" class=\"attachment-full size-full\" alt=\"\" srcset=\"https:\/\/piront.eu\/wp-content\/uploads\/2021\/06\/piront-pirolux-vielemehr.jpg 404w, https:\/\/piront.eu\/wp-content\/uploads\/2021\/06\/piront-pirolux-vielemehr-300x163.jpg 300w\" sizes=\"(max-width: 404px) 100vw, 404px\" \/>\t\t\t\t<\/div>\n\t\t\t\t\t\t\t\t<\/div>\n\t\t\t\t\t\t\t\t\t<\/div>\n<\/div>\n\t<\/div>\n<\/div>\n\t\t\t\t<\/div>\n\t\t\t\t<\/div>\n\t\t\t\t<div class=\"elementor-element elementor-element-4825b44 elementor-widget elementor-widget-spacer\" data-id=\"4825b44\" data-element_type=\"widget\" data-widget_type=\"spacer.default\">\n\t\t\t\t<div class=\"elementor-widget-container\">\n\t\t\t\t\t\t\t<div class=\"elementor-spacer\">\n\t\t\t<div class=\"elementor-spacer-inner\"><\/div>\n\t\t<\/div>\n\t\t\t\t\t\t<\/div>\n\t\t\t\t<\/div>\n\t\t\t\t\t<\/div>\n\t\t<\/div>\n\t\t\t\t\t<\/div>\n\t\t<\/section>\n\t\t\t\t<section class=\"elementor-section elementor-top-section elementor-element elementor-element-0571ae4 elementor-section-boxed elementor-section-height-default elementor-section-height-default mkdf-parallax-row-no mkdf-content-aligment-left mkdf-elementor-row-grid-no mkdf-disabled-bg-image-bellow-no mkdf-row-btt-light\" data-id=\"0571ae4\" data-element_type=\"section\" data-settings=\"{&quot;background_background&quot;:&quot;classic&quot;}\">\n\t\t\t\t\t\t<div class=\"elementor-container elementor-column-gap-default\">\n\t\t\t\t\t<div class=\"elementor-column elementor-col-50 elementor-top-column elementor-element elementor-element-223f1f8\" data-id=\"223f1f8\" data-element_type=\"column\">\n\t\t\t<div class=\"elementor-widget-wrap\">\n\t\t\t\t\t\t\t<\/div>\n\t\t<\/div>\n\t\t\t\t<div class=\"elementor-column elementor-col-50 elementor-top-column elementor-element elementor-element-1ada887\" data-id=\"1ada887\" data-element_type=\"column\" data-settings=\"{&quot;background_background&quot;:&quot;classic&quot;}\">\n\t\t\t<div class=\"elementor-widget-wrap elementor-element-populated\">\n\t\t\t\t\t\t<div class=\"elementor-element elementor-element-189c7ab elementor-widget elementor-widget-mkdf_section_title\" data-id=\"189c7ab\" data-element_type=\"widget\" data-widget_type=\"mkdf_section_title.default\">\n\t\t\t\t<div class=\"elementor-widget-container\">\n\t\t\t\t\t<div class=\"mkdf-section-title-holder  mkdf-st-standard   \" >\n\t<div class=\"mkdf-st-inner\">\n        \t\t\t\t\t\t\t<h4 class=\"mkdf-st-text\" style=\"color: #FFFDFD;line-height: 40px\">\n\t\t\t\tVous n'avez pas trouv\u00e9 le produit souhait\u00e9?\t\t\t<\/h4>\n\t\t\t<\/div>\n<\/div>\t\t\t\t<\/div>\n\t\t\t\t<\/div>\n\t\t\t\t<div class=\"elementor-element elementor-element-726208e elementor-widget elementor-widget-mkdf_separator\" data-id=\"726208e\" data-element_type=\"widget\" data-widget_type=\"mkdf_separator.default\">\n\t\t\t\t<div class=\"elementor-widget-container\">\n\t\t\t\t\t<div class=\"mkdf-separator-holder clearfix  mkdf-separator-center mkdf-separator-normal\">\n\t<div class=\"mkdf-separator\" style=\"border-color: #FFFFFF;border-bottom-width: 1px\"><\/div>\n<\/div>\n\t\t\t\t<\/div>\n\t\t\t\t<\/div>\n\t\t\t\t<div class=\"elementor-element elementor-element-1c75076 elementor-widget elementor-widget-mkdf_button\" data-id=\"1c75076\" data-element_type=\"widget\" data-widget_type=\"mkdf_button.default\">\n\t\t\t\t<div class=\"elementor-widget-container\">\n\t\t\t\t\t<a itemprop=\"url\" href=\"https:\/\/piront.eu\/fr\/a-piront\/\" target=\"_self\" style=\"font-weight: 800;padding: \" class=\"mkdf-btn mkdf-btn-medium mkdf-btn-simple\"  0=\"font-weight: 800\" 1=\"padding: \">\n    <span class=\"mkdf-btn-text\">Contactez-nous<\/span>\n    <\/a>\t\t\t\t<\/div>\n\t\t\t\t<\/div>\n\t\t\t\t\t<\/div>\n\t\t<\/div>\n\t\t\t\t\t<\/div>\n\t\t<\/section>\n\t\t\t\t<\/div>\n\t\t","protected":false},"excerpt":{"rendered":"<p>Elimination des moisissures Notre tueur de moisissures et de spores tue de mani\u00e8re permanente les moisissures, les spores de moisissures et les bact\u00e9ries et facilite l&rsquo;\u00e9limination m\u00e9canique ult\u00e9rieure. Nettoyage Pour la pierre naturelle, les carrelages en c\u00e9ramiqye ou les produits [&hellip;]<\/p>\n","protected":false},"author":1,"featured_media":0,"parent":0,"menu_order":0,"comment_status":"closed","ping_status":"closed","template":"full-width.php","meta":{"_monsterinsights_skip_tracking":false,"_monsterinsights_sitenote_active":false,"_monsterinsights_sitenote_note":"","_monsterinsights_sitenote_category":0,"footnotes":""},"class_list":["post-12812","page","type-page","status-publish","hentry"],"_links":{"self":[{"href":"https:\/\/piront.eu\/fr\/wp-json\/wp\/v2\/pages\/12812","targetHints":{"allow":["GET"]}}],"collection":[{"href":"https:\/\/piront.eu\/fr\/wp-json\/wp\/v2\/pages"}],"about":[{"href":"https:\/\/piront.eu\/fr\/wp-json\/wp\/v2\/types\/page"}],"author":[{"embeddable":true,"href":"https:\/\/piront.eu\/fr\/wp-json\/wp\/v2\/users\/1"}],"replies":[{"embeddable":true,"href":"https:\/\/piront.eu\/fr\/wp-json\/wp\/v2\/comments?post=12812"}],"version-history":[{"count":34,"href":"https:\/\/piront.eu\/fr\/wp-json\/wp\/v2\/pages\/12812\/revisions"}],"predecessor-version":[{"id":12866,"href":"https:\/\/piront.eu\/fr\/wp-json\/wp\/v2\/pages\/12812\/revisions\/12866"}],"wp:attachment":[{"href":"https:\/\/piront.eu\/fr\/wp-json\/wp\/v2\/media?parent=12812"}],"curies":[{"name":"wp","href":"https:\/\/api.w.org\/{rel}","templated":true}]}}