{"id":13615,"date":"2023-03-20T13:12:45","date_gmt":"2023-03-20T13:12:45","guid":{"rendered":"https:\/\/piront.eu\/?page_id=13615"},"modified":"2025-10-11T08:15:46","modified_gmt":"2025-10-11T08:15:46","slug":"machines","status":"publish","type":"page","link":"https:\/\/piront.eu\/fr\/machines\/","title":{"rendered":"Machines"},"content":{"rendered":"\t\t<div data-elementor-type=\"wp-page\" data-elementor-id=\"13615\" class=\"elementor elementor-13615 elementor-13443\">\n\t\t\t\t\t\t<section class=\"elementor-section elementor-top-section elementor-element elementor-element-e92022f elementor-section-boxed elementor-section-height-default elementor-section-height-default mkdf-parallax-row-no mkdf-content-aligment-left mkdf-elementor-row-grid-no mkdf-disabled-bg-image-bellow-no mkdf-row-btt-light\" data-id=\"e92022f\" data-element_type=\"section\">\n\t\t\t\t\t\t<div class=\"elementor-container elementor-column-gap-default\">\n\t\t\t\t\t<div class=\"elementor-column elementor-col-100 elementor-top-column elementor-element elementor-element-1483489\" data-id=\"1483489\" data-element_type=\"column\">\n\t\t\t<div class=\"elementor-widget-wrap elementor-element-populated\">\n\t\t\t\t\t\t<div class=\"elementor-element elementor-element-c1d3647 elementor-widget elementor-widget-spacer\" data-id=\"c1d3647\" data-element_type=\"widget\" data-widget_type=\"spacer.default\">\n\t\t\t\t<div class=\"elementor-widget-container\">\n\t\t\t\t\t\t\t<div class=\"elementor-spacer\">\n\t\t\t<div class=\"elementor-spacer-inner\"><\/div>\n\t\t<\/div>\n\t\t\t\t\t\t<\/div>\n\t\t\t\t<\/div>\n\t\t\t\t\t<\/div>\n\t\t<\/div>\n\t\t\t\t\t<\/div>\n\t\t<\/section>\n\t\t\t\t<section class=\"elementor-section elementor-top-section elementor-element elementor-element-e95fa15 elementor-section-boxed elementor-section-height-default elementor-section-height-default mkdf-parallax-row-no mkdf-content-aligment-left mkdf-elementor-row-grid-no mkdf-disabled-bg-image-bellow-no mkdf-row-btt-light\" data-id=\"e95fa15\" data-element_type=\"section\">\n\t\t\t\t\t\t<div class=\"elementor-container elementor-column-gap-default\">\n\t\t\t\t\t<div class=\"elementor-column elementor-col-50 elementor-top-column elementor-element elementor-element-8f6d1e7\" data-id=\"8f6d1e7\" data-element_type=\"column\">\n\t\t\t<div class=\"elementor-widget-wrap elementor-element-populated\">\n\t\t\t\t\t\t<div class=\"elementor-element elementor-element-b059219 elementor-widget elementor-widget-image\" data-id=\"b059219\" data-element_type=\"widget\" data-widget_type=\"image.default\">\n\t\t\t\t<div class=\"elementor-widget-container\">\n\t\t\t\t\t\t\t\t\t\t\t\t\t\t\t<img fetchpriority=\"high\" decoding=\"async\" width=\"1024\" height=\"614\" src=\"https:\/\/piront.eu\/wp-content\/uploads\/2023\/03\/piront-logo-milwaukee-1024x614.jpg\" class=\"attachment-large size-large wp-image-13447\" alt=\"\" srcset=\"https:\/\/piront.eu\/wp-content\/uploads\/2023\/03\/piront-logo-milwaukee-1024x614.jpg 1024w, https:\/\/piront.eu\/wp-content\/uploads\/2023\/03\/piront-logo-milwaukee-300x180.jpg 300w, https:\/\/piront.eu\/wp-content\/uploads\/2023\/03\/piront-logo-milwaukee-768x461.jpg 768w, https:\/\/piront.eu\/wp-content\/uploads\/2023\/03\/piront-logo-milwaukee-600x360.jpg 600w, https:\/\/piront.eu\/wp-content\/uploads\/2023\/03\/piront-logo-milwaukee.jpg 1275w\" sizes=\"(max-width: 1024px) 100vw, 1024px\" \/>\t\t\t\t\t\t\t\t\t\t\t\t\t\t\t<\/div>\n\t\t\t\t<\/div>\n\t\t\t\t\t<\/div>\n\t\t<\/div>\n\t\t\t\t<div class=\"elementor-column elementor-col-50 elementor-top-column elementor-element elementor-element-0518fcc\" data-id=\"0518fcc\" data-element_type=\"column\">\n\t\t\t<div class=\"elementor-widget-wrap elementor-element-populated\">\n\t\t\t\t\t\t<div class=\"elementor-element elementor-element-797fc53 elementor-widget elementor-widget-text-editor\" data-id=\"797fc53\" data-element_type=\"widget\" data-widget_type=\"text-editor.default\">\n\t\t\t\t<div class=\"elementor-widget-container\">\n\t\t\t\t\t\t\t\t\t<h5>Nous pouvons \u00e9galement vous proposer l\u2019outil adapt\u00e9 \u00e0 votre usage les plus divers.<\/h5><p>Avec les machines <span style=\"color: #ff0000;\">Milwaukee<\/span>, nous vous garantissons une utilisation professionnelle afin que vous puissiez effectuer vos travaux mieux, plus rapidement, plus efficacement et en toute s\u00e9curit\u00e9.<\/p>\t\t\t\t\t\t\t\t<\/div>\n\t\t\t\t<\/div>\n\t\t\t\t\t<\/div>\n\t\t<\/div>\n\t\t\t\t\t<\/div>\n\t\t<\/section>\n\t\t\t\t<section class=\"elementor-section elementor-top-section elementor-element elementor-element-a8009f6 elementor-section-boxed elementor-section-height-default elementor-section-height-default mkdf-parallax-row-no mkdf-content-aligment-left mkdf-elementor-row-grid-no mkdf-disabled-bg-image-bellow-no mkdf-row-btt-light\" data-id=\"a8009f6\" data-element_type=\"section\">\n\t\t\t\t\t\t<div class=\"elementor-container elementor-column-gap-default\">\n\t\t\t\t\t<div class=\"elementor-column elementor-col-100 elementor-top-column elementor-element elementor-element-6962f96\" data-id=\"6962f96\" data-element_type=\"column\">\n\t\t\t<div class=\"elementor-widget-wrap elementor-element-populated\">\n\t\t\t\t\t\t<div class=\"elementor-element elementor-element-74ddad1 elementor-widget elementor-widget-mkdf_image_gallery\" data-id=\"74ddad1\" data-element_type=\"widget\" data-widget_type=\"mkdf_image_gallery.default\">\n\t\t\t\t<div class=\"elementor-widget-container\">\n\t\t\t\t\t<div class=\"mkdf-image-gallery mkdf-grid-list mkdf-disable-bottom-space  mkdf-ig-grid-type mkdf-three-columns mkdf-normal-space   \">\n\t<div class=\"mkdf-ig-inner mkdf-outer-space\">\n\t\t\t\t\t<div class=\"mkdf-ig-image mkdf-item-space\">\n\t\t\t\t<div class=\"mkdf-ig-image-inner\">\n\t\t\t\t\t\t\t\t\t\t\t<img decoding=\"async\" width=\"1000\" height=\"667\" src=\"https:\/\/piront.eu\/wp-content\/uploads\/2023\/03\/Milwaukee_Brand_Shot3.jpg\" class=\"attachment-full size-full\" alt=\"\" srcset=\"https:\/\/piront.eu\/wp-content\/uploads\/2023\/03\/Milwaukee_Brand_Shot3.jpg 1000w, https:\/\/piront.eu\/wp-content\/uploads\/2023\/03\/Milwaukee_Brand_Shot3-300x200.jpg 300w, https:\/\/piront.eu\/wp-content\/uploads\/2023\/03\/Milwaukee_Brand_Shot3-768x512.jpg 768w, https:\/\/piront.eu\/wp-content\/uploads\/2023\/03\/Milwaukee_Brand_Shot3-600x400.jpg 600w\" sizes=\"(max-width: 1000px) 100vw, 1000px\" \/>\t\t\t\t\t\t\t\t\t<\/div>\n\t\t\t<\/div>\n\t\t\t\t\t<div class=\"mkdf-ig-image mkdf-item-space\">\n\t\t\t\t<div class=\"mkdf-ig-image-inner\">\n\t\t\t\t\t\t\t\t\t\t\t<img decoding=\"async\" width=\"1000\" height=\"667\" src=\"https:\/\/piront.eu\/wp-content\/uploads\/2023\/03\/Milwaukee_Brand_Shot2.jpg\" class=\"attachment-full size-full\" alt=\"\" srcset=\"https:\/\/piront.eu\/wp-content\/uploads\/2023\/03\/Milwaukee_Brand_Shot2.jpg 1000w, https:\/\/piront.eu\/wp-content\/uploads\/2023\/03\/Milwaukee_Brand_Shot2-300x200.jpg 300w, https:\/\/piront.eu\/wp-content\/uploads\/2023\/03\/Milwaukee_Brand_Shot2-768x512.jpg 768w, https:\/\/piront.eu\/wp-content\/uploads\/2023\/03\/Milwaukee_Brand_Shot2-600x400.jpg 600w\" sizes=\"(max-width: 1000px) 100vw, 1000px\" \/>\t\t\t\t\t\t\t\t\t<\/div>\n\t\t\t<\/div>\n\t\t\t\t\t<div class=\"mkdf-ig-image mkdf-item-space\">\n\t\t\t\t<div class=\"mkdf-ig-image-inner\">\n\t\t\t\t\t\t\t\t\t\t\t<img loading=\"lazy\" decoding=\"async\" width=\"1000\" height=\"667\" src=\"https:\/\/piront.eu\/wp-content\/uploads\/2023\/03\/Milwaukee_Brand_Shot.jpg\" class=\"attachment-full size-full\" alt=\"\" srcset=\"https:\/\/piront.eu\/wp-content\/uploads\/2023\/03\/Milwaukee_Brand_Shot.jpg 1000w, https:\/\/piront.eu\/wp-content\/uploads\/2023\/03\/Milwaukee_Brand_Shot-300x200.jpg 300w, https:\/\/piront.eu\/wp-content\/uploads\/2023\/03\/Milwaukee_Brand_Shot-768x512.jpg 768w, https:\/\/piront.eu\/wp-content\/uploads\/2023\/03\/Milwaukee_Brand_Shot-600x400.jpg 600w\" sizes=\"(max-width: 1000px) 100vw, 1000px\" \/>\t\t\t\t\t\t\t\t\t<\/div>\n\t\t\t<\/div>\n\t\t\t<\/div>\n<\/div>\t\t\t\t<\/div>\n\t\t\t\t<\/div>\n\t\t\t\t\t<\/div>\n\t\t<\/div>\n\t\t\t\t\t<\/div>\n\t\t<\/section>\n\t\t\t\t<section class=\"elementor-section elementor-top-section elementor-element elementor-element-04e6d4c elementor-section-boxed elementor-section-height-default elementor-section-height-default mkdf-parallax-row-no mkdf-content-aligment-left mkdf-elementor-row-grid-no mkdf-disabled-bg-image-bellow-no mkdf-row-btt-light\" data-id=\"04e6d4c\" data-element_type=\"section\">\n\t\t\t\t\t\t<div class=\"elementor-container elementor-column-gap-default\">\n\t\t\t\t\t<div class=\"elementor-column elementor-col-100 elementor-top-column elementor-element elementor-element-b6ce850\" data-id=\"b6ce850\" data-element_type=\"column\">\n\t\t\t<div class=\"elementor-widget-wrap elementor-element-populated\">\n\t\t\t\t\t\t<div class=\"elementor-element elementor-element-2713fd2 elementor-widget elementor-widget-spacer\" data-id=\"2713fd2\" data-element_type=\"widget\" data-widget_type=\"spacer.default\">\n\t\t\t\t<div class=\"elementor-widget-container\">\n\t\t\t\t\t\t\t<div class=\"elementor-spacer\">\n\t\t\t<div class=\"elementor-spacer-inner\"><\/div>\n\t\t<\/div>\n\t\t\t\t\t\t<\/div>\n\t\t\t\t<\/div>\n\t\t\t\t\t<\/div>\n\t\t<\/div>\n\t\t\t\t\t<\/div>\n\t\t<\/section>\n\t\t\t\t<section class=\"elementor-section elementor-top-section elementor-element elementor-element-ec53f49 elementor-section-boxed elementor-section-height-default elementor-section-height-default mkdf-parallax-row-no mkdf-content-aligment-left mkdf-elementor-row-grid-no mkdf-disabled-bg-image-bellow-no mkdf-row-btt-light\" data-id=\"ec53f49\" data-element_type=\"section\">\n\t\t\t\t\t\t<div class=\"elementor-container elementor-column-gap-default\">\n\t\t\t\t\t<div class=\"elementor-column elementor-col-100 elementor-top-column elementor-element elementor-element-c313d1a\" data-id=\"c313d1a\" data-element_type=\"column\">\n\t\t\t<div class=\"elementor-widget-wrap elementor-element-populated\">\n\t\t\t\t\t\t<div class=\"elementor-element elementor-element-b8b9732 elementor-widget elementor-widget-heading\" data-id=\"b8b9732\" data-element_type=\"widget\" data-widget_type=\"heading.default\">\n\t\t\t\t<div class=\"elementor-widget-container\">\n\t\t\t\t\t<h4 class=\"elementor-heading-title elementor-size-default\">D\u00e9couvrez nos catalogues :<\/h4>\t\t\t\t<\/div>\n\t\t\t\t<\/div>\n\t\t\t\t\t<\/div>\n\t\t<\/div>\n\t\t\t\t\t<\/div>\n\t\t<\/section>\n\t\t\t\t<section class=\"elementor-section elementor-top-section elementor-element elementor-element-465f65a elementor-section-boxed elementor-section-height-default elementor-section-height-default mkdf-parallax-row-no mkdf-content-aligment-left mkdf-elementor-row-grid-no mkdf-disabled-bg-image-bellow-no mkdf-row-btt-light\" data-id=\"465f65a\" data-element_type=\"section\">\n\t\t\t\t\t\t<div class=\"elementor-container elementor-column-gap-default\">\n\t\t\t\t\t<div class=\"elementor-column elementor-col-100 elementor-top-column elementor-element elementor-element-2b05e89\" data-id=\"2b05e89\" data-element_type=\"column\">\n\t\t\t<div class=\"elementor-widget-wrap elementor-element-populated\">\n\t\t\t\t\t\t<section class=\"elementor-section elementor-inner-section elementor-element elementor-element-4093324 elementor-section-boxed elementor-section-height-default elementor-section-height-default mkdf-parallax-row-no mkdf-content-aligment-left mkdf-elementor-row-grid-no mkdf-disabled-bg-image-bellow-no mkdf-row-btt-light\" data-id=\"4093324\" data-element_type=\"section\">\n\t\t\t\t\t\t<div class=\"elementor-container elementor-column-gap-default\">\n\t\t\t\t\t<div class=\"elementor-column elementor-col-33 elementor-inner-column elementor-element elementor-element-5c4ac61\" data-id=\"5c4ac61\" data-element_type=\"column\">\n\t\t\t<div class=\"elementor-widget-wrap elementor-element-populated\">\n\t\t\t\t\t\t<div class=\"elementor-element elementor-element-e1ec8a8 elementor-widget__width-initial elementor-widget elementor-widget-image\" data-id=\"e1ec8a8\" data-element_type=\"widget\" data-widget_type=\"image.default\">\n\t\t\t\t<div class=\"elementor-widget-container\">\n\t\t\t\t\t\t\t\t\t\t\t\t\t\t\t\t<a href=\"https:\/\/befr.milwaukeetool.eu\/footer\/trade-leaflets\/catalogus-accessoires-handtools-pbm-en-storage-2\/\" target=\"_blank\">\n\t\t\t\t\t\t\t<img loading=\"lazy\" decoding=\"async\" width=\"212\" height=\"300\" src=\"https:\/\/piront.eu\/wp-content\/uploads\/2024\/11\/Milw_Acc_HT_Catalogue_2024_BE-FR.indb_page-0001-212x300.jpg\" class=\"attachment-medium size-medium wp-image-14861\" alt=\"\" srcset=\"https:\/\/piront.eu\/wp-content\/uploads\/2024\/11\/Milw_Acc_HT_Catalogue_2024_BE-FR.indb_page-0001-212x300.jpg 212w, https:\/\/piront.eu\/wp-content\/uploads\/2024\/11\/Milw_Acc_HT_Catalogue_2024_BE-FR.indb_page-0001-725x1024.jpg 725w, https:\/\/piront.eu\/wp-content\/uploads\/2024\/11\/Milw_Acc_HT_Catalogue_2024_BE-FR.indb_page-0001-768x1085.jpg 768w, https:\/\/piront.eu\/wp-content\/uploads\/2024\/11\/Milw_Acc_HT_Catalogue_2024_BE-FR.indb_page-0001-1087x1536.jpg 1087w, https:\/\/piront.eu\/wp-content\/uploads\/2024\/11\/Milw_Acc_HT_Catalogue_2024_BE-FR.indb_page-0001-300x424.jpg 300w, https:\/\/piront.eu\/wp-content\/uploads\/2024\/11\/Milw_Acc_HT_Catalogue_2024_BE-FR.indb_page-0001-600x848.jpg 600w, https:\/\/piront.eu\/wp-content\/uploads\/2024\/11\/Milw_Acc_HT_Catalogue_2024_BE-FR.indb_page-0001.jpg 1241w\" sizes=\"(max-width: 212px) 100vw, 212px\" \/>\t\t\t\t\t\t\t\t<\/a>\n\t\t\t\t\t\t\t\t\t\t\t\t\t\t\t<\/div>\n\t\t\t\t<\/div>\n\t\t\t\t\t<\/div>\n\t\t<\/div>\n\t\t\t\t<div class=\"elementor-column elementor-col-33 elementor-inner-column elementor-element elementor-element-c80d38c\" data-id=\"c80d38c\" data-element_type=\"column\">\n\t\t\t<div class=\"elementor-widget-wrap elementor-element-populated\">\n\t\t\t\t\t\t<div class=\"elementor-element elementor-element-ce601dd elementor-widget__width-initial elementor-widget elementor-widget-image\" data-id=\"ce601dd\" data-element_type=\"widget\" data-widget_type=\"image.default\">\n\t\t\t\t<div class=\"elementor-widget-container\">\n\t\t\t\t\t\t\t\t\t\t\t\t\t\t\t\t<a href=\"https:\/\/befr.milwaukeetool.eu\/footer\/trade-leaflets\/ope-brochure-1\/\" target=\"_blank\">\n\t\t\t\t\t\t\t<img loading=\"lazy\" decoding=\"async\" width=\"212\" height=\"300\" src=\"https:\/\/piront.eu\/wp-content\/uploads\/2024\/11\/milw-news-titel_page-0001-212x300.jpg\" class=\"attachment-medium size-medium wp-image-14854\" alt=\"\" srcset=\"https:\/\/piront.eu\/wp-content\/uploads\/2024\/11\/milw-news-titel_page-0001-212x300.jpg 212w, https:\/\/piront.eu\/wp-content\/uploads\/2024\/11\/milw-news-titel_page-0001-725x1024.jpg 725w, https:\/\/piront.eu\/wp-content\/uploads\/2024\/11\/milw-news-titel_page-0001-768x1085.jpg 768w, https:\/\/piront.eu\/wp-content\/uploads\/2024\/11\/milw-news-titel_page-0001-1087x1536.jpg 1087w, https:\/\/piront.eu\/wp-content\/uploads\/2024\/11\/milw-news-titel_page-0001-300x424.jpg 300w, https:\/\/piront.eu\/wp-content\/uploads\/2024\/11\/milw-news-titel_page-0001-600x848.jpg 600w, https:\/\/piront.eu\/wp-content\/uploads\/2024\/11\/milw-news-titel_page-0001.jpg 1241w\" sizes=\"(max-width: 212px) 100vw, 212px\" \/>\t\t\t\t\t\t\t\t<\/a>\n\t\t\t\t\t\t\t\t\t\t\t\t\t\t\t<\/div>\n\t\t\t\t<\/div>\n\t\t\t\t\t<\/div>\n\t\t<\/div>\n\t\t\t\t<div class=\"elementor-column elementor-col-33 elementor-inner-column elementor-element elementor-element-0142e90\" data-id=\"0142e90\" data-element_type=\"column\">\n\t\t\t<div class=\"elementor-widget-wrap elementor-element-populated\">\n\t\t\t\t\t\t<div class=\"elementor-element elementor-element-d4d4cab elementor-widget elementor-widget-text-editor\" data-id=\"d4d4cab\" data-element_type=\"widget\" data-widget_type=\"text-editor.default\">\n\t\t\t\t<div class=\"elementor-widget-container\">\n\t\t\t\t\t\t\t\t\t<p>\u00a0<\/p><p><img loading=\"lazy\" decoding=\"async\" class=\"alignnone wp-image-13447 size-medium\" src=\"https:\/\/piront.eu\/wp-content\/uploads\/2023\/03\/piront-logo-milwaukee-300x180.jpg\" alt=\"\" width=\"300\" height=\"180\" srcset=\"https:\/\/piront.eu\/wp-content\/uploads\/2023\/03\/piront-logo-milwaukee-300x180.jpg 300w, https:\/\/piront.eu\/wp-content\/uploads\/2023\/03\/piront-logo-milwaukee-1024x614.jpg 1024w, https:\/\/piront.eu\/wp-content\/uploads\/2023\/03\/piront-logo-milwaukee-768x461.jpg 768w, https:\/\/piront.eu\/wp-content\/uploads\/2023\/03\/piront-logo-milwaukee-600x360.jpg 600w, https:\/\/piront.eu\/wp-content\/uploads\/2023\/03\/piront-logo-milwaukee.jpg 1275w\" sizes=\"(max-width: 300px) 100vw, 300px\" \/><\/p>\t\t\t\t\t\t\t\t<\/div>\n\t\t\t\t<\/div>\n\t\t\t\t\t<\/div>\n\t\t<\/div>\n\t\t\t\t\t<\/div>\n\t\t<\/section>\n\t\t\t\t<div class=\"elementor-element elementor-element-4825b44 elementor-widget elementor-widget-spacer\" data-id=\"4825b44\" data-element_type=\"widget\" data-widget_type=\"spacer.default\">\n\t\t\t\t<div class=\"elementor-widget-container\">\n\t\t\t\t\t\t\t<div class=\"elementor-spacer\">\n\t\t\t<div class=\"elementor-spacer-inner\"><\/div>\n\t\t<\/div>\n\t\t\t\t\t\t<\/div>\n\t\t\t\t<\/div>\n\t\t\t\t\t<\/div>\n\t\t<\/div>\n\t\t\t\t\t<\/div>\n\t\t<\/section>\n\t\t\t\t<section class=\"elementor-section elementor-top-section elementor-element elementor-element-0571ae4 elementor-section-boxed elementor-section-height-default elementor-section-height-default mkdf-parallax-row-no mkdf-content-aligment-left mkdf-elementor-row-grid-no mkdf-disabled-bg-image-bellow-no mkdf-row-btt-light\" data-id=\"0571ae4\" data-element_type=\"section\" data-settings=\"{&quot;background_background&quot;:&quot;classic&quot;}\">\n\t\t\t\t\t\t<div class=\"elementor-container elementor-column-gap-default\">\n\t\t\t\t\t<div class=\"elementor-column elementor-col-50 elementor-top-column elementor-element elementor-element-223f1f8\" data-id=\"223f1f8\" data-element_type=\"column\">\n\t\t\t<div class=\"elementor-widget-wrap\">\n\t\t\t\t\t\t\t<\/div>\n\t\t<\/div>\n\t\t\t\t<div class=\"elementor-column elementor-col-50 elementor-top-column elementor-element elementor-element-1ada887\" data-id=\"1ada887\" data-element_type=\"column\" data-settings=\"{&quot;background_background&quot;:&quot;classic&quot;}\">\n\t\t\t<div class=\"elementor-widget-wrap elementor-element-populated\">\n\t\t\t\t\t\t<div class=\"elementor-element elementor-element-189c7ab elementor-widget elementor-widget-mkdf_section_title\" data-id=\"189c7ab\" data-element_type=\"widget\" data-widget_type=\"mkdf_section_title.default\">\n\t\t\t\t<div class=\"elementor-widget-container\">\n\t\t\t\t\t<div class=\"mkdf-section-title-holder  mkdf-st-standard   \" >\n\t<div class=\"mkdf-st-inner\">\n        \t\t\t\t\t\t\t<h4 class=\"mkdf-st-text\" style=\"color: #FFFDFD;line-height: 40px\">\n\t\t\t\tVous avez des questions sur nos produits ?\t\t\t<\/h4>\n\t\t\t<\/div>\n<\/div>\t\t\t\t<\/div>\n\t\t\t\t<\/div>\n\t\t\t\t<div class=\"elementor-element elementor-element-726208e elementor-widget elementor-widget-mkdf_separator\" data-id=\"726208e\" data-element_type=\"widget\" data-widget_type=\"mkdf_separator.default\">\n\t\t\t\t<div class=\"elementor-widget-container\">\n\t\t\t\t\t<div class=\"mkdf-separator-holder clearfix  mkdf-separator-center mkdf-separator-normal\">\n\t<div class=\"mkdf-separator\" style=\"border-color: #FFFFFF;border-bottom-width: 1px\"><\/div>\n<\/div>\n\t\t\t\t<\/div>\n\t\t\t\t<\/div>\n\t\t\t\t<div class=\"elementor-element elementor-element-1c75076 elementor-widget elementor-widget-mkdf_button\" data-id=\"1c75076\" data-element_type=\"widget\" data-widget_type=\"mkdf_button.default\">\n\t\t\t\t<div class=\"elementor-widget-container\">\n\t\t\t\t\t<a itemprop=\"url\" href=\"https:\/\/piront.eu\/kontakt-emmels\/\" target=\"_self\" style=\"font-weight: 800;padding: \" class=\"mkdf-btn mkdf-btn-medium mkdf-btn-simple\"  0=\"font-weight: 800\" 1=\"padding: \">\n    <span class=\"mkdf-btn-text\">Contactez-nous<\/span>\n    <\/a>\t\t\t\t<\/div>\n\t\t\t\t<\/div>\n\t\t\t\t\t<\/div>\n\t\t<\/div>\n\t\t\t\t\t<\/div>\n\t\t<\/section>\n\t\t\t\t<\/div>\n\t\t","protected":false},"excerpt":{"rendered":"<p>Nous pouvons \u00e9galement vous proposer l\u2019outil adapt\u00e9 \u00e0 votre usage les plus divers. Avec les machines Milwaukee, nous vous garantissons une utilisation professionnelle afin que vous puissiez effectuer vos travaux mieux, plus rapidement, plus efficacement et en toute s\u00e9curit\u00e9. D\u00e9couvrez [&hellip;]<\/p>\n","protected":false},"author":1,"featured_media":0,"parent":0,"menu_order":0,"comment_status":"closed","ping_status":"closed","template":"full-width.php","meta":{"_monsterinsights_skip_tracking":false,"_monsterinsights_sitenote_active":false,"_monsterinsights_sitenote_note":"","_monsterinsights_sitenote_category":0,"footnotes":""},"class_list":["post-13615","page","type-page","status-publish","hentry"],"_links":{"self":[{"href":"https:\/\/piront.eu\/fr\/wp-json\/wp\/v2\/pages\/13615","targetHints":{"allow":["GET"]}}],"collection":[{"href":"https:\/\/piront.eu\/fr\/wp-json\/wp\/v2\/pages"}],"about":[{"href":"https:\/\/piront.eu\/fr\/wp-json\/wp\/v2\/types\/page"}],"author":[{"embeddable":true,"href":"https:\/\/piront.eu\/fr\/wp-json\/wp\/v2\/users\/1"}],"replies":[{"embeddable":true,"href":"https:\/\/piront.eu\/fr\/wp-json\/wp\/v2\/comments?post=13615"}],"version-history":[{"count":47,"href":"https:\/\/piront.eu\/fr\/wp-json\/wp\/v2\/pages\/13615\/revisions"}],"predecessor-version":[{"id":15551,"href":"https:\/\/piront.eu\/fr\/wp-json\/wp\/v2\/pages\/13615\/revisions\/15551"}],"wp:attachment":[{"href":"https:\/\/piront.eu\/fr\/wp-json\/wp\/v2\/media?parent=13615"}],"curies":[{"name":"wp","href":"https:\/\/api.w.org\/{rel}","templated":true}]}}